{"id":849,"date":"2017-05-22T23:03:01","date_gmt":"2017-05-22T20:03:01","guid":{"rendered":"https:\/\/rigasseifi.lv\/ru\/?page_id=849"},"modified":"2022-04-10T14:46:18","modified_gmt":"2022-04-10T11:46:18","slug":"paslaugos","status":"publish","type":"page","link":"https:\/\/rigasseifi.lv\/lt\/paslaugos\/","title":{"rendered":"Paslaugos"},"content":{"rendered":"<p>[et_pb_section bb_built=&#8221;1&#8243; admin_label=&#8221;section&#8221; fullwidth=&#8221;on&#8221; specialty=&#8221;off&#8221; transparent_background=&#8221;off&#8221; allow_player_pause=&#8221;off&#8221; inner_shadow=&#8221;off&#8221; parallax=&#8221;off&#8221; parallax_method=&#8221;on&#8221; make_fullwidth=&#8221;off&#8221; use_custom_width=&#8221;off&#8221; width_unit=&#8221;on&#8221; make_equal=&#8221;off&#8221; use_custom_gutter=&#8221;off&#8221;][et_pb_fullwidth_slider admin_label=&#8221;Fullwidth Slider&#8221; show_arrows=&#8221;on&#8221; show_pagination=&#8221;on&#8221; auto=&#8221;off&#8221; parallax=&#8221;on&#8221; auto_ignore_hover=&#8221;off&#8221; parallax_method=&#8221;off&#8221; remove_inner_shadow=&#8221;off&#8221; background_position=&#8221;top_left&#8221; hide_content_on_mobile=&#8221;off&#8221; hide_cta_on_mobile=&#8221;off&#8221; show_image_video_mobile=&#8221;off&#8221; custom_button=&#8221;off&#8221; button_letter_spacing=&#8221;0&#8243; button_icon_placement=&#8221;right&#8221; button_letter_spacing_hover=&#8221;0&#8243; _builder_version=&#8221;3.0.51&#8243;]<\/p>\n<p>[et_pb_slide heading=&#8221;Paslaugos&#8221; background_image=&#8221;https:\/\/rigasseifi.lv\/wp-content\/uploads\/2017\/05\/services.jpg&#8221; background_color=&#8221;#ffffff&#8221; alignment=&#8221;center&#8221; background_layout=&#8221;dark&#8221; background_position=&#8221;top_left&#8221; background_size=&#8221;cover&#8221; use_bg_overlay=&#8221;off&#8221; use_text_overlay=&#8221;on&#8221; allow_player_pause=&#8221;off&#8221; text_border_radius=&#8221;3&#8243; header_font_select=&#8221;default&#8221; header_font=&#8221;||||&#8221; body_font_select=&#8221;default&#8221; body_font=&#8221;||||&#8221; custom_button=&#8221;off&#8221; button_font_select=&#8221;default&#8221; button_font=&#8221;||||&#8221; button_use_icon=&#8221;default&#8221; button_icon_placement=&#8221;right&#8221; button_on_hover=&#8221;on&#8221; text_overlay_color=&#8221;rgba(0,0,0,0.57)&#8221; bg_overlay_color=&#8221;rgba(255,255,255,0.3)&#8221; use_background_color_gradient=&#8221;off&#8221; background_color_gradient_start=&#8221;#2b87da&#8221; background_color_gradient_end=&#8221;#29c4a9&#8243; background_color_gradient_type=&#8221;linear&#8221; background_color_gradient_direction=&#8221;180deg&#8221; background_color_gradient_direction_radial=&#8221;center&#8221; background_color_gradient_start_position=&#8221;0%&#8221; background_color_gradient_end_position=&#8221;100%&#8221; parallax=&#8221;off&#8221; parallax_method=&#8221;off&#8221; background_repeat=&#8221;no-repeat&#8221; background_blend=&#8221;normal&#8221;]<\/p>\n<p>Saugu, patikima, patogu, konfidencialu.<\/p>\n<p>[\/et_pb_slide]<\/p>\n<p>[\/et_pb_fullwidth_slider][\/et_pb_section][et_pb_section bb_built=&#8221;1&#8243; admin_label=&#8221;section&#8221;][et_pb_row admin_label=&#8221;row&#8221; make_fullwidth=&#8221;off&#8221; use_custom_width=&#8221;off&#8221; width_unit=&#8221;on&#8221; use_custom_gutter=&#8221;on&#8221; gutter_width=&#8221;2&#8243; allow_player_pause=&#8221;off&#8221; parallax=&#8221;off&#8221; parallax_method=&#8221;on&#8221; make_equal=&#8221;off&#8221; parallax_1=&#8221;off&#8221; parallax_method_1=&#8221;off&#8221; background_position=&#8221;top_left&#8221; background_repeat=&#8221;repeat&#8221; background_size=&#8221;initial&#8221;][et_pb_column type=&#8221;4_4&#8243;][et_pb_accordion admin_label=&#8221;Accordion&#8221; border_style=&#8221;solid&#8221; _builder_version=&#8221;3.0.51&#8243;] [et_pb_accordion_item title=&#8221;Seif\u0173 nuoma&#8221;]<\/p>\n<p>\u201cR\u012bgas seifi\u201d si\u016blo dokument\u0173 ir vertybi\u0173 saugojimo individualiuose seifuose paslaugas, u\u017etikrinant visi\u0161k\u0105 saugum\u0105 ir konfidencialum\u0105. Saugykla yra Rygos miesto centre. Dviejose specialiai \u012frengtose patalpose i\u0161d\u0117styta daugiau nei trys t\u016bkstan\u010diai penki\u0173 r\u016b\u0161i\u0173 \u012fvairi\u0173 dyd\u017ei\u0173 &#8211; nuo 35 mm iki 290 mm auk\u0161\u010dio &#8211; metalini\u0173 seif\u0173. (<a href=\"https:\/\/rigasseifi.lv\/lt\/seifai\/\">Seifai, kainos ir dyd\u017eiai<\/a>)<br \/>\nSaugykloje taip pat yra ir saugios sand\u0117li\u0173 zonos dideli\u0173 gabarit\u0173 daiktams, pavyzd\u017eiui, paveikslams ir antikvariatui. Seif\u0173 turinys konfidencialus ir apdraustas (<a href=\"https:\/\/rigasseifi.lv\/wp-content\/uploads\/ires_noteikumi_en.pdf\">Seif\u0173 nuomos taisykl\u0117s<\/a>).<\/p>\n<p>[\/et_pb_accordion_item][et_pb_accordion_item title=&#8221;I\u0161tisos paros patekimo prie seifo galimyb\u0117&#8221;]<\/p>\n<p>Darbo metu saugyklos darbo dienomis nuo 10.00 iki 19.00 val. Ta\u010diau, esant reikalui, klientui gali b\u016bti leid\u017eiama patekti prie seifo bet kuriuo paros metu. Tai vyksta i\u0161ankstiniu susitarimu, susisiekus telefonu +371 28888030 arba +371 28888040. \u0160i paslauga apmokama atskirai pagal nustatytus tarifus.<\/p>\n<p>[\/et_pb_accordion_item][et_pb_accordion_item title=&#8221;The deal box&#8221;]<\/p>\n<p>\u0160ali\u0173 sandorio \u012fsipareigojim\u0173 vykdymo u\u017etikrinimo paslauga.<br \/>\nNaudotis seifo narveliu, sudarant sandor\u012f &#8211; saugu, patikima ir greita.<\/p>\n<p>Sandorio patikimumui tri\u0161al\u0119 sutart\u012f sudar\u0119 partneriai i\u0161sinuomoja seifo narvel\u012f, kur patalpinamas sandorio objektas (pavyzd\u017eiui, grynieji pinigai, dokumentai, vertyb\u0117s ir kt.).<\/p>\n<p>Seifo raktai iki sandorio u\u017ebaigimo perduodami saugojimui \u012f \u201cR\u012bgas seifi\u201d. \u201cR\u012bgas seifi\u201d veikia kaip sandorio garantas. \u012evykd\u017eius visas sandorio sutarties s\u0105lygas (t.y., pateikus atitinkamus sandorio dokumentus), seifo raktai perduodami vienam i\u0161 partneri\u0173, kuris gali toliau naudotis seifu pagal seif\u0173 nuomos s\u0105lyg\u0173 standartus.<\/p>\n<p>[\/et_pb_accordion_item][et_pb_accordion_item title=&#8221;Perve\u017eimo paslaugos su apsauga&#8221;]<\/p>\n<p>Jeigu klientui b\u016btina perve\u017eti vertybes j\u0173 patalpinimui \u012f seif\u0105, arba, prie\u0161ingai, pasiimti jas namo i\u0161 seifo, tuomet i\u0161ankstiniu susitarimu su vadybininku galima u\u017esakyti saugomo perve\u017eimo paslaug\u0105. Kaina i\u0161lygstama kiekvienu atveju atskirai ir priklauso nuo apsaugos r\u016b\u0161ies, automobilio specifikos ir atstumo.<\/p>\n<p>[\/et_pb_accordion_item][et_pb_accordion_item title=&#8221;Deryb\u0173 ir dokument\u0173 pasira\u0161ymo patalpos&#8221;]<\/p>\n<p>Seif\u0173 saugykloje yra deryb\u0173 patalpa su \u012frengta \u0161iuolaikine biuro technika. Pavyzd\u017eiui, jeigu klientas planuoja pasira\u0161yti dokumentus prie\u0161 pat j\u0173 patalpinim\u0105 \u012f seif\u0105 arba pravesti konfidencialias derybas, tuomet \u0161iuo tikslu galima i\u0161sinuomoti Business room. \u201cR\u012bgas seifi\u201d garantuoja j\u016bs\u0173 deryb\u0173 konfidencialum\u0105. Vaizdo steb\u0117jimas \u0161ioje patalpoje nevykdomas. Patalpos nuomai b\u016btina i\u0161 anksto susisiekti su vadybininku telefonu +371 28888030 arba +371 28888040.<\/p>\n<p>[\/et_pb_accordion_item] [\/et_pb_accordion][\/et_pb_column][\/et_pb_row][\/et_pb_section]<\/p>\n","protected":false},"excerpt":{"rendered":"<p>Saugu, patikima, patogu, konfidencialu. \u201cR\u012bgas seifi\u201d si\u016blo dokument\u0173 ir vertybi\u0173 saugojimo individualiuose seifuose paslaugas, u\u017etikrinant visi\u0161k\u0105 saugum\u0105 ir konfidencialum\u0105. Saugykla yra Rygos miesto centre. Dviejose specialiai \u012frengtose patalpose i\u0161d\u0117styta daugiau nei trys t\u016bkstan\u010diai penki\u0173 r\u016b\u0161i\u0173 \u012fvairi\u0173 dyd\u017ei\u0173 &#8211; nuo 35 mm iki 290 mm auk\u0161\u010dio &#8211; metalini\u0173 seif\u0173. (Seifai, kainos ir dyd\u017eiai) Saugykloje taip pat [&hellip;]<\/p>\n","protected":false},"author":1,"featured_media":0,"parent":0,"menu_order":0,"comment_status":"closed","ping_status":"closed","template":"","meta":{"_et_pb_use_builder":"on","_et_pb_old_content":"","_et_gb_content_width":"","footnotes":""},"class_list":["post-849","page","type-page","status-publish","hentry"],"aioseo_notices":[],"_links":{"self":[{"href":"https:\/\/rigasseifi.lv\/lt\/wp-json\/wp\/v2\/pages\/849"}],"collection":[{"href":"https:\/\/rigasseifi.lv\/lt\/wp-json\/wp\/v2\/pages"}],"about":[{"href":"https:\/\/rigasseifi.lv\/lt\/wp-json\/wp\/v2\/types\/page"}],"author":[{"embeddable":true,"href":"https:\/\/rigasseifi.lv\/lt\/wp-json\/wp\/v2\/users\/1"}],"replies":[{"embeddable":true,"href":"https:\/\/rigasseifi.lv\/lt\/wp-json\/wp\/v2\/comments?post=849"}],"version-history":[{"count":35,"href":"https:\/\/rigasseifi.lv\/lt\/wp-json\/wp\/v2\/pages\/849\/revisions"}],"predecessor-version":[{"id":1735,"href":"https:\/\/rigasseifi.lv\/lt\/wp-json\/wp\/v2\/pages\/849\/revisions\/1735"}],"wp:attachment":[{"href":"https:\/\/rigasseifi.lv\/lt\/wp-json\/wp\/v2\/media?parent=849"}],"curies":[{"name":"wp","href":"https:\/\/api.w.org\/{rel}","templated":true}]}}