{"id":4,"date":"2017-04-13T10:37:13","date_gmt":"2017-04-13T10:37:13","guid":{"rendered":"https:\/\/rigasseifi.lv\/ru\/?page_id=4"},"modified":"2022-04-10T15:08:14","modified_gmt":"2022-04-10T12:08:14","slug":"main-page","status":"publish","type":"page","link":"https:\/\/rigasseifi.lv\/lt\/","title":{"rendered":"Pagrindinis"},"content":{"rendered":"<p>[et_pb_section bb_built=&#8221;1&#8243; admin_label=&#8221;section&#8221; fullwidth=&#8221;on&#8221; custom_padding=&#8221;0px|0px|0px|0px&#8221; _builder_version=&#8221;3.0.51&#8243;][et_pb_fullwidth_slider admin_label=&#8221;Fullwidth Slider&#8221; bottom_padding=&#8221;100px&#8221; top_padding=&#8221;100px&#8221; _builder_version=&#8221;3.0.51&#8243; show_arrows=&#8221;on&#8221; show_pagination=&#8221;on&#8221; parallax=&#8221;off&#8221; parallax_method=&#8221;off&#8221; remove_inner_shadow=&#8221;off&#8221; custom_button=&#8221;off&#8221; button_letter_spacing=&#8221;0&#8243; button_icon_placement=&#8221;right&#8221; button_letter_spacing_hover=&#8221;0&#8243; auto=&#8221;off&#8221; auto_ignore_hover=&#8221;off&#8221; hide_content_on_mobile=&#8221;off&#8221; hide_cta_on_mobile=&#8221;off&#8221; show_image_video_mobile=&#8221;off&#8221;]<\/p>\n<p>[et_pb_slide heading=&#8221;R\u012bgas seifi&#8221; button_text=&#8221;10% nuolaida nuoma&#8221; button_link=&#8221;https:\/\/rigasseifi.lv\/lt\/seifai\/&#8221; background_color=&#8221;#ffffff&#8221; use_background_color_gradient=&#8221;off&#8221; background_color_gradient_start=&#8221;#2b87da&#8221; background_color_gradient_end=&#8221;#29c4a9&#8243; background_color_gradient_type=&#8221;linear&#8221; background_color_gradient_direction=&#8221;180deg&#8221; background_color_gradient_direction_radial=&#8221;center&#8221; background_color_gradient_start_position=&#8221;0%&#8221; background_color_gradient_end_position=&#8221;100%&#8221; background_image=&#8221;https:\/\/rigasseifi.lv\/ru\/wp-content\/uploads\/sites\/2\/2018\/04\/bg_akcija.jpg&#8221; parallax=&#8221;off&#8221; parallax_method=&#8221;off&#8221; background_position=&#8221;center&#8221; background_size=&#8221;cover&#8221; background_repeat=&#8221;no-repeat&#8221; background_blend=&#8221;normal&#8221; allow_player_pause=&#8221;off&#8221; use_bg_overlay=&#8221;off&#8221; use_text_overlay=&#8221;on&#8221; text_border_radius=&#8221;3&#8243; alignment=&#8221;center&#8221; background_layout=&#8221;dark&#8221; header_font_select=&#8221;default&#8221; header_font=&#8221;||||&#8221; body_font_select=&#8221;default&#8221; body_font=&#8221;||||&#8221; custom_button=&#8221;off&#8221; button_font_select=&#8221;default&#8221; button_font=&#8221;||||&#8221; button_use_icon=&#8221;default&#8221; button_icon_placement=&#8221;right&#8221; button_on_hover=&#8221;on&#8221;]<\/p>\n<p>&nbsp;<br \/>\nVienintel\u0117 Baltijoje privati seif\u0173 saugykla.<\/p>\n<p>[\/et_pb_slide][et_pb_slide heading=&#8221;Seif\u0173 saugykloje&#8221; button_text=&#8221;Su\u017einokite daugiau&#8221; button_link=&#8221;\/lt\/seifai&#8221; background_image=&#8221;https:\/\/rigasseifi.lv\/ru\/wp-content\/uploads\/sites\/2\/2017\/04\/DSC03319.jpg&#8221; use_bg_overlay=&#8221;off&#8221; use_text_overlay=&#8221;on&#8221; text_overlay_color=&#8221;rgba(0,0,0,0.5)&#8221; video_bg_width=&#8221;1920&#8243; video_bg_height=&#8221;638&#8243; header_font=&#8221;||||&#8221; body_font=&#8221;||||&#8221; custom_button=&#8221;off&#8221; button_icon_placement=&#8221;right&#8221; button_on_hover=&#8221;on&#8221; background_color=&#8221;#ffffff&#8221; use_background_color_gradient=&#8221;off&#8221; background_color_gradient_start=&#8221;#2b87da&#8221; background_color_gradient_end=&#8221;#29c4a9&#8243; background_color_gradient_type=&#8221;linear&#8221; background_color_gradient_direction=&#8221;180deg&#8221; background_color_gradient_direction_radial=&#8221;center&#8221; background_color_gradient_start_position=&#8221;0%&#8221; background_color_gradient_end_position=&#8221;100%&#8221; parallax=&#8221;off&#8221; parallax_method=&#8221;off&#8221; background_position=&#8221;center&#8221; background_size=&#8221;cover&#8221; background_repeat=&#8221;no-repeat&#8221; background_blend=&#8221;normal&#8221; allow_player_pause=&#8221;off&#8221; text_border_radius=&#8221;3&#8243; alignment=&#8221;center&#8221; background_layout=&#8221;dark&#8221; header_font_select=&#8221;default&#8221; body_font_select=&#8221;default&#8221; button_font_select=&#8221;default&#8221; button_font=&#8221;||||&#8221; button_use_icon=&#8221;default&#8221;]<\/p>\n<p>&nbsp;<\/p>\n<p>Dyd\u017eiai svyruoja nuo 35x245x435 iki 290x245x435, kainos nuo 30,00 \u20ac per m\u0117nes\u012f.<\/p>\n<div id=\"tw-target-text-container\" class=\"gsrt tw-nfl tw-ta-container\">\n<pre class=\"tw-data-text tw-ta tw-text-small\" lang=\"lt\"><\/pre>\n<\/div>\n<p>[\/et_pb_slide][et_pb_slide heading=&#8221;Paslaugos&#8221; button_text=&#8221;Su\u017einokite daugiau&#8221; button_link=&#8221;\/lt\/paslaugos&#8221; background_image=&#8221;https:\/\/rigasseifi.lv\/wp-content\/uploads\/2017\/05\/services.jpg&#8221; use_bg_overlay=&#8221;off&#8221; use_text_overlay=&#8221;on&#8221; header_font=&#8221;||||&#8221; body_font=&#8221;||||&#8221; custom_button=&#8221;off&#8221; button_icon_placement=&#8221;right&#8221; button_on_hover=&#8221;on&#8221; background_color=&#8221;#ffffff&#8221; use_background_color_gradient=&#8221;off&#8221; background_color_gradient_start=&#8221;#2b87da&#8221; background_color_gradient_end=&#8221;#29c4a9&#8243; background_color_gradient_type=&#8221;linear&#8221; background_color_gradient_direction=&#8221;180deg&#8221; background_color_gradient_direction_radial=&#8221;center&#8221; background_color_gradient_start_position=&#8221;0%&#8221; background_color_gradient_end_position=&#8221;100%&#8221; parallax=&#8221;off&#8221; parallax_method=&#8221;off&#8221; background_position=&#8221;center&#8221; background_size=&#8221;cover&#8221; background_repeat=&#8221;no-repeat&#8221; background_blend=&#8221;normal&#8221; allow_player_pause=&#8221;off&#8221; text_border_radius=&#8221;3&#8243; alignment=&#8221;center&#8221; background_layout=&#8221;dark&#8221; header_font_select=&#8221;default&#8221; body_font_select=&#8221;default&#8221; button_font_select=&#8221;default&#8221; button_font=&#8221;||||&#8221; button_use_icon=&#8221;default&#8221;]<\/p>\n<p>&nbsp;<\/p>\n<p>Saugu, patikima, patogu, konfidencialu.<\/p>\n<p>[\/et_pb_slide][et_pb_slide heading=&#8221;Apie kompanij\u0105&#8221; button_text=&#8221;Su\u017einokite daugiau&#8221; button_link=&#8221;https:\/\/rigasseifi.lv\/lt\/apie-kompanija\/&#8221; background_image=&#8221;https:\/\/rigasseifi.lv\/wp-content\/uploads\/2017\/05\/about_us.jpg&#8221; use_bg_overlay=&#8221;off&#8221; use_text_overlay=&#8221;on&#8221; header_font=&#8221;||||&#8221; body_font=&#8221;||||&#8221; custom_button=&#8221;off&#8221; button_icon_placement=&#8221;right&#8221; button_on_hover=&#8221;on&#8221; background_color=&#8221;#ffffff&#8221; use_background_color_gradient=&#8221;off&#8221; background_color_gradient_start=&#8221;#2b87da&#8221; background_color_gradient_end=&#8221;#29c4a9&#8243; background_color_gradient_type=&#8221;linear&#8221; background_color_gradient_direction=&#8221;180deg&#8221; background_color_gradient_direction_radial=&#8221;center&#8221; background_color_gradient_start_position=&#8221;0%&#8221; background_color_gradient_end_position=&#8221;100%&#8221; parallax=&#8221;off&#8221; parallax_method=&#8221;off&#8221; background_position=&#8221;center&#8221; background_size=&#8221;cover&#8221; background_repeat=&#8221;no-repeat&#8221; background_blend=&#8221;normal&#8221; allow_player_pause=&#8221;off&#8221; text_border_radius=&#8221;3&#8243; alignment=&#8221;center&#8221; background_layout=&#8221;dark&#8221; header_font_select=&#8221;default&#8221; body_font_select=&#8221;default&#8221; button_font_select=&#8221;default&#8221; button_font=&#8221;||||&#8221; button_use_icon=&#8221;default&#8221;]<\/p>\n<p>&nbsp;<br \/>\nR\u012bgas seifi &#8211; yra profesionali alternatyva bankui.<\/p>\n<p>[\/et_pb_slide][et_pb_slide heading=&#8221;R\u012bgas seifi&#8221; background_image=&#8221;https:\/\/rigasseifi.lv\/ru\/wp-content\/uploads\/sites\/2\/2017\/04\/287.jpg&#8221; background_size=&#8221;initial&#8221; use_bg_overlay=&#8221;off&#8221; use_text_overlay=&#8221;on&#8221; text_overlay_color=&#8221;rgba(0,0,0,0.5)&#8221; video_bg_width=&#8221;1920&#8243; video_bg_height=&#8221;638&#8243; header_font=&#8221;||||&#8221; body_font=&#8221;||||&#8221; custom_button=&#8221;off&#8221; button_icon_placement=&#8221;right&#8221; button_on_hover=&#8221;on&#8221; background_color=&#8221;#ffffff&#8221; use_background_color_gradient=&#8221;off&#8221; background_color_gradient_start=&#8221;#2b87da&#8221; background_color_gradient_end=&#8221;#29c4a9&#8243; background_color_gradient_type=&#8221;linear&#8221; background_color_gradient_direction=&#8221;180deg&#8221; background_color_gradient_direction_radial=&#8221;center&#8221; background_color_gradient_start_position=&#8221;0%&#8221; background_color_gradient_end_position=&#8221;100%&#8221; parallax=&#8221;off&#8221; parallax_method=&#8221;off&#8221; background_position=&#8221;center&#8221; background_repeat=&#8221;no-repeat&#8221; background_blend=&#8221;normal&#8221; allow_player_pause=&#8221;off&#8221; text_border_radius=&#8221;3&#8243; alignment=&#8221;center&#8221; background_layout=&#8221;dark&#8221; header_font_select=&#8221;default&#8221; body_font_select=&#8221;default&#8221; button_font_select=&#8221;default&#8221; button_font=&#8221;||||&#8221; button_use_icon=&#8221;default&#8221;]<\/p>\n<p>&nbsp;<br \/>\nVienintel\u0117 Baltijoje privati seif\u0173 saugykla.<\/p>\n<p>[\/et_pb_slide]<\/p>\n<p>[\/et_pb_fullwidth_slider][\/et_pb_section][et_pb_section bb_built=&#8221;1&#8243; admin_label=&#8221;section&#8221; custom_padding=&#8221;48px|0px|48.75px|0px&#8221; _builder_version=&#8221;3.0.51&#8243;][et_pb_row admin_label=&#8221;Row&#8221; background_position=&#8221;top_left&#8221; background_repeat=&#8221;repeat&#8221; background_size=&#8221;initial&#8221; _builder_version=&#8221;3.0.51&#8243;][et_pb_column type=&#8221;1_4&#8243;][\/et_pb_column][et_pb_column type=&#8221;1_2&#8243;][et_pb_blurb admin_label=&#8221;Blurb&#8221; _builder_version=&#8221;3.0.51&#8243; url=&#8221;https:\/\/rigasseifi.lv\/ru\/2018\/01\/22\/rigas-selfi-sovremennyj-chlen-mezhdunarodnoj-federatsii-sejfovyh-hranilishh\/&#8221; url_new_window=&#8221;off&#8221; use_icon=&#8221;off&#8221; image=&#8221;https:\/\/rigasseifi.lv\/wp-includes\/images\/sdf_logo.png&#8221; use_circle=&#8221;off&#8221; use_circle_border=&#8221;off&#8221; icon_placement=&#8221;left&#8221; use_icon_font_size=&#8221;off&#8221; background_layout=&#8221;light&#8221; border_style=&#8221;solid&#8221; animation=&#8221;off&#8221; max_width=&#8221;100px&#8221;]<\/p>\n<p>Rigas seifi yra tarptautin\u0117s federacijos seif\u0173 saugykl\u0173 narys<\/p>\n<p>&nbsp;<\/p>\n<p>[\/et_pb_blurb][\/et_pb_column][et_pb_column type=&#8221;1_4&#8243;][\/et_pb_column][\/et_pb_row][et_pb_row admin_label=&#8221;Row&#8221; background_position=&#8221;top_left&#8221; background_repeat=&#8221;repeat&#8221; background_size=&#8221;initial&#8221; _builder_version=&#8221;3.0.51&#8243;][et_pb_column type=&#8221;4_4&#8243;][et_pb_text admin_label=&#8221;Text&#8221; background_position=&#8221;top_left&#8221; background_repeat=&#8221;repeat&#8221; background_size=&#8221;initial&#8221; _builder_version=&#8221;3.0.51&#8243; background_layout=&#8221;light&#8221; text_orientation=&#8221;left&#8221; border_style=&#8221;solid&#8221;]<\/p>\n<h1>Ruo\u0161iat\u0117s atostog\u0173? Da\u017enai neb\u016bnate namuose ir nerimaujate d\u0117l savo verting\u0173 daikt\u0173 saugumo?<\/h1>\n<p>&nbsp;<\/p>\n<p>Jaudinimosi prie\u017eastys gali b\u016bti skirtingos, sprendimas &#8211; vienas: \u201cR\u012bgas seifi\u201d &#8211; tai vienintel\u0117 \u012fmon\u0117 Baltijos \u0161alyse, teikianti seif\u0173 nuomos nebankines paslaugas su visi\u0161ko konfidencialumo ir greito patekimo prie savo vertybi\u0173 garantija.<\/p>\n<p>Klient\u0173 paslaugoms daugiau nei 3 t\u016bkstan\u010diai \u012fvairi\u0173 dyd\u017ei\u0173 seif\u0173 narveli\u0173, skirt\u0173 dokument\u0173, vertybini\u0173 popieri\u0173, juvelyrini\u0173 papuo\u0161al\u0173, \u0161eimynini\u0173 relikvij\u0173, antikvariato ir kit\u0173 verting\u0173 daikt\u0173 saugojimui.<\/p>\n<p>Skirtingai nuo seif\u0173 nuomos bank\u0173 paslaugos, \u201cR\u012bgas seifi\u201d jums nereikia atidaryti s\u0105skaitos, atlikti asmens identifikacijos proced\u016bros, j\u016bs gal\u0117site pasinaudoti narveliu bet kuriuo paros metu.<\/p>\n<p>[\/et_pb_text][\/et_pb_column][\/et_pb_row][et_pb_row admin_label=&#8221;row&#8221; background_position=&#8221;top_left&#8221; background_repeat=&#8221;repeat&#8221; background_size=&#8221;initial&#8221; _builder_version=&#8221;3.0.51&#8243;][et_pb_column type=&#8221;1_3&#8243;][et_pb_blurb admin_label=&#8221;Blurb&#8221; title=&#8221;Patikima ir saugu&#8221; use_icon=&#8221;on&#8221; font_icon=&#8221;%%287%%&#8221; icon_color=&#8221;#203f58&#8243; animation=&#8221;off&#8221; text_orientation=&#8221;center&#8221; background_position=&#8221;top_left&#8221; background_repeat=&#8221;repeat&#8221; background_size=&#8221;initial&#8221; _builder_version=&#8221;3.0.51&#8243; url_new_window=&#8221;off&#8221; use_circle=&#8221;off&#8221; use_circle_border=&#8221;off&#8221; icon_placement=&#8221;top&#8221; use_icon_font_size=&#8221;off&#8221; background_layout=&#8221;light&#8221; border_style=&#8221;solid&#8221;]<\/p>\n<p>Ginkluota apsauga i\u0161tis\u0105 par\u0105 bei greitojo reagavimo grup\u0117.<\/p>\n<div class='et-learn-more clearfix'>\n\t\t\t\t\t<h3 class='heading-more'>I\u0161samiau<span class='et_learnmore_arrow'><span><\/span><\/span><\/h3>\n\t\t\t\t\t<div class='learn-more-content'><ul>\n<li style=\"text-align: left;\">Seif\u0173 narveliai i\u0161d\u0117styti dviejose po\u017eemin\u0117se gel\u017ebetonio saugyklose daugiau, nei 100 kv. metr\u0173 bendru plotu.<\/li>\n<li style=\"text-align: left;\">Seif\u0173 saugykloje yra speciali \u0161ved\u0173 kompanijos Rosengrens, kuri yra ekspertas vertybi\u0173 saugojimo sferoje, \u012franga.<\/li>\n<li style=\"text-align: left;\">Seif\u0173 saugykloje \u012frengtos \u0161iuolaikin\u0117s steb\u0117jimo ir saugumo, prie\u0161gaisrin\u0117s sistemos ir signalizacijos priemon\u0117s.<\/li>\n<li style=\"text-align: left;\">Ginkluota apsauga i\u0161tis\u0105 par\u0105 bei greitojo reagavimo grup\u0117.<\/li>\n<li style=\"text-align: left;\">Galima u\u017esakyti perve\u017eimo paslaug\u0105 su apsauga.<\/li>\n<li style=\"text-align: left;\">Seif\u0173 turinys apdraustas.<\/div>\n\t\t\t\t<\/div><\/li>\n<\/ul>\n<p>[\/et_pb_blurb][\/et_pb_column][et_pb_column type=&#8221;1_3&#8243;][et_pb_blurb admin_label=&#8221;Blurb&#8221; title=&#8221;Patogu&#8221; use_icon=&#8221;on&#8221; font_icon=&#8221;%%373%%&#8221; icon_color=&#8221;#203f58&#8243; animation=&#8221;off&#8221; text_orientation=&#8221;center&#8221; url_new_window=&#8221;off&#8221; use_circle=&#8221;off&#8221; use_circle_border=&#8221;off&#8221; icon_placement=&#8221;top&#8221; background_layout=&#8221;light&#8221; use_icon_font_size=&#8221;off&#8221; border_style=&#8221;solid&#8221; background_position=&#8221;top_left&#8221; background_repeat=&#8221;repeat&#8221; background_size=&#8221;initial&#8221; _builder_version=&#8221;3.0.51&#8243;]<\/p>\n<p>Greitas seifo nuomos \u012fforminimas, nereikalaujant privalomo s\u0105skaitos atidarymo.<\/p>\n<div class='et-learn-more clearfix'>\n\t\t\t\t\t<h3 class='heading-more'>I\u0161samiau<span class='et_learnmore_arrow'><span><\/span><\/span><\/h3>\n\t\t\t\t\t<div class='learn-more-content'><ul>\n<li style=\"text-align: left;\">Prailginta darbo diena. Pagal susitarim\u0105 \u2013 patekimas prie seifo bet kuriuo paros metu ir ne darbo dienomis.<\/li>\n<li style=\"text-align: left;\">Platus seif\u0173 dyd\u017ei\u0173 diapazonas, nuo standartini\u0173 &#8211; dokument\u0173 saugojimui, iki erdvesni\u0173 -stambi\u0173 daikt\u0173 saugojimui.<\/li>\n<li style=\"text-align: left;\">Deryb\u0173 patalpa su \u012frengta biuro technika.<\/li>\n<li style=\"text-align: left;\">\u012eranga gryn\u0173j\u0173 pinig\u0173 patikrinimui ir perskai\u010diavimui.<\/li>\n<li style=\"text-align: left;\"><a href=\"https:\/\/rigasseifi.lv\/lt\/kontaktai\/\">Patogi seif\u0173 saugyklos vieta<\/a> &#8211; miesto centras. Greta &#8211; savivaldyb\u0117s automobili\u0173 stov\u0117jimo aik\u0161tel\u0117s.<span style=\"font-weight: 400;\"><\/div>\n\t\t\t\t<\/div><\/span><\/li>\n<\/ul>\n<p>[\/et_pb_blurb][\/et_pb_column][et_pb_column type=&#8221;1_3&#8243;][et_pb_blurb admin_label=&#8221;Blurb&#8221; title=&#8221;Konfidencialu&#8221; use_icon=&#8221;on&#8221; font_icon=&#8221;%%228%%&#8221; icon_color=&#8221;#203f58&#8243; animation=&#8221;off&#8221; text_orientation=&#8221;center&#8221; background_position=&#8221;top_left&#8221; background_repeat=&#8221;repeat&#8221; background_size=&#8221;initial&#8221; _builder_version=&#8221;3.0.51&#8243; url_new_window=&#8221;off&#8221; use_circle=&#8221;off&#8221; use_circle_border=&#8221;off&#8221; icon_placement=&#8221;top&#8221; use_icon_font_size=&#8221;off&#8221; background_layout=&#8221;light&#8221; border_style=&#8221;solid&#8221;]<\/p>\n<p>Neb\u016btina vykdyti asmens identifikacijos proced\u016bros.<\/p>\n<div class='et-learn-more clearfix'>\n\t\t\t\t\t<h3 class='heading-more'>I\u0161samiau<span class='et_learnmore_arrow'><span><\/span><\/span><\/h3>\n\t\t\t\t\t<div class='learn-more-content'><ul>\n<li style=\"text-align: left;\">Neb\u016btina vykdyti asmens identifikacijos proced\u016bros, tai leid\u017eia i\u0161saugoti nuomininko asmens konfidencialum\u0105.<\/li>\n<li style=\"text-align: left;\">Kliento atstovas gali lankyti seif\u0105, ne\u012fforminant dokument\u0173.<\/li>\n<li style=\"text-align: left;\">Seifo turinio konfidencialumas.<\/li>\n<li style=\"text-align: left;\">Paslaug\u0173 \u012fforminimo ir darbo su seifo turiniu kambariai, kuriuose n\u0117ra vaizdo steb\u0117jimo.<\/li>\n<\/ul><\/div>\n\t\t\t\t<\/div>\n<p>[\/et_pb_blurb][\/et_pb_column][\/et_pb_row][\/et_pb_section][et_pb_section bb_built=&#8221;1&#8243; admin_label=&#8221;section&#8221; background_color=&#8221;#203f58&#8243; inner_shadow=&#8221;on&#8221; custom_padding=&#8221;0px|0px|0px|0px&#8221; _builder_version=&#8221;3.0.51&#8243; global_module=&#8221;784&#8243;][et_pb_row admin_label=&#8221;Row&#8221; global_parent=&#8221;784&#8243; _builder_version=&#8221;3.0.51&#8243; background_size=&#8221;initial&#8221; background_position=&#8221;top_left&#8221; background_repeat=&#8221;repeat&#8221;][et_pb_column type=&#8221;4_4&#8243;][et_pb_text admin_label=&#8221;Text&#8221; global_parent=&#8221;784&#8243; background_layout=&#8221;dark&#8221; text_orientation=&#8221;center&#8221; _builder_version=&#8221;3.0.51&#8243; background_size=&#8221;initial&#8221; background_position=&#8221;top_left&#8221; background_repeat=&#8221;repeat&#8221; border_style=&#8221;solid&#8221;]<\/p>\n<h2>\u00a0Kaip pasinaudoti paslauga?<\/h2>\n<p>Susisiekite su m\u016bs\u0173 atstovu arba gaukite informacij\u0105 apie tolesnius veiksmus telefonu +371 28888030 arba +371 28888040.<\/p>\n<p>[\/et_pb_text][\/et_pb_column][\/et_pb_row][et_pb_row admin_label=&#8221;row&#8221; global_parent=&#8221;784&#8243; use_custom_width=&#8221;on&#8221; parallax_method_1=&#8221;off&#8221; parallax_method_2=&#8221;off&#8221; custom_padding_last_edited=&#8221;off|phone&#8221; _builder_version=&#8221;3.0.47&#8243; background_size=&#8221;initial&#8221; background_position=&#8221;top_left&#8221; background_repeat=&#8221;repeat&#8221; custom_padding=&#8221;27px|0px|60px|0px&#8221;][et_pb_column type=&#8221;1_2&#8243;][et_pb_button admin_label=&#8221;Susisiekite&#8221; global_parent=&#8221;784&#8243; button_url=&#8221;#action-svyazatsja&#8221; button_text=&#8221;Susisiekite su mumis&#8221; button_alignment=&#8221;center&#8221; background_layout=&#8221;dark&#8221; module_class=&#8221;action-svyazatsya&#8221; _builder_version=&#8221;3.0.51&#8243; background_color=&#8221;#7EBEC5&#8243; url_new_window=&#8221;off&#8221; custom_button=&#8221;off&#8221; button_letter_spacing=&#8221;0&#8243; button_icon_placement=&#8221;right&#8221; button_letter_spacing_hover=&#8221;0&#8243; \/][\/et_pb_column][et_pb_column type=&#8221;1_2&#8243;][et_pb_button admin_label=&#8221;\u0420\u0435\u0437\u0435\u0440\u0432\u0430\u0446\u0438\u044f&#8221; global_parent=&#8221;784&#8243; button_url=&#8221;#action-rezervuoti-seifa&#8221; button_text=&#8221;Rezervuoti seif\u0105&#8221; button_alignment=&#8221;center&#8221; background_layout=&#8221;dark&#8221; module_class=&#8221;action-zakazatj-seif&#8221; _builder_version=&#8221;3.0.51&#8243; background_color=&#8221;#7EBEC5&#8243; url_new_window=&#8221;off&#8221; custom_button=&#8221;off&#8221; button_letter_spacing=&#8221;0&#8243; button_icon_placement=&#8221;right&#8221; button_letter_spacing_hover=&#8221;0&#8243; \/][\/et_pb_column][\/et_pb_row][\/et_pb_section][et_pb_section bb_built=&#8221;1&#8243; admin_label=&#8221;Section&#8221; custom_padding=&#8221;48px|0px|0px|0px&#8221; _builder_version=&#8221;3.0.51&#8243;][et_pb_row admin_label=&#8221;Row&#8221; custom_padding=&#8221;0px|0px|0px|0px&#8221; _builder_version=&#8221;3.0.51&#8243;][et_pb_column type=&#8221;4_4&#8243;][et_pb_text admin_label=&#8221;Text&#8221; text_orientation=&#8221;center&#8221; _builder_version=&#8221;3.0.51&#8243; background_layout=&#8221;light&#8221; border_style=&#8221;solid&#8221;]<\/p>\n<h1>Naujienos<\/h1>\n<p>[\/et_pb_text][\/et_pb_column][\/et_pb_row][et_pb_row admin_label=&#8221;Row&#8221; use_custom_gutter=&#8221;on&#8221; gutter_width=&#8221;2&#8243; custom_padding=&#8221;24.375px|0px|0px|0px&#8221; make_equal=&#8221;on&#8221; parallax_method_1=&#8221;off&#8221; parallax_method_2=&#8221;off&#8221; parallax_method_3=&#8221;off&#8221; _builder_version=&#8221;3.0.51&#8243;][et_pb_column type=&#8221;1_3&#8243;][et_pb_blog admin_label=&#8221;Blog&#8221; posts_number=&#8221;1&#8243; include_categories=&#8221;9&#8243; show_more=&#8221;on&#8221; show_author=&#8221;off&#8221; show_categories=&#8221;off&#8221; show_pagination=&#8221;off&#8221; offset_number=&#8221;0&#8243; _builder_version=&#8221;3.0.51&#8243; \/][\/et_pb_column][et_pb_column type=&#8221;1_3&#8243;][et_pb_blog admin_label=&#8221;Blog&#8221; posts_number=&#8221;1&#8243; include_categories=&#8221;9&#8243; show_more=&#8221;on&#8221; show_author=&#8221;off&#8221; show_categories=&#8221;off&#8221; show_pagination=&#8221;off&#8221; offset_number=&#8221;1&#8243; _builder_version=&#8221;3.0.51&#8243; \/][\/et_pb_column][et_pb_column type=&#8221;1_3&#8243;][et_pb_blog admin_label=&#8221;Blog&#8221; posts_number=&#8221;1&#8243; include_categories=&#8221;9&#8243; show_more=&#8221;on&#8221; show_author=&#8221;off&#8221; show_categories=&#8221;off&#8221; show_pagination=&#8221;off&#8221; offset_number=&#8221;2&#8243; _builder_version=&#8221;3.0.51&#8243; \/][\/et_pb_column][\/et_pb_row][et_pb_row admin_label=&#8221;Row&#8221; custom_padding=&#8221;0px|0px|45px|0px&#8221; make_equal=&#8221;on&#8221; parallax_method_1=&#8221;off&#8221; parallax_method_2=&#8221;off&#8221; parallax_method_3=&#8221;off&#8221; parallax_method_4=&#8221;off&#8221; _builder_version=&#8221;3.0.51&#8243;][et_pb_column type=&#8221;1_4&#8243;][\/et_pb_column][et_pb_column type=&#8221;1_4&#8243;][\/et_pb_column][et_pb_column type=&#8221;1_4&#8243;][\/et_pb_column][et_pb_column type=&#8221;1_4&#8243;][et_pb_button admin_label=&#8221;Button&#8221; button_url=&#8221;\/lt\/naujienos&#8221; button_text=&#8221;Visos naujienos&#8221; button_alignment=&#8221;right&#8221; background_color=&#8221;#7EBEC5&#8243; _builder_version=&#8221;3.0.51&#8243; url_new_window=&#8221;off&#8221; background_layout=&#8221;light&#8221; custom_button=&#8221;off&#8221; button_letter_spacing=&#8221;0&#8243; button_icon_placement=&#8221;right&#8221; button_letter_spacing_hover=&#8221;0&#8243; \/][\/et_pb_column][\/et_pb_row][\/et_pb_section]<\/p>\n","protected":false},"excerpt":{"rendered":"<p>&nbsp; Vienintel\u0117 Baltijoje privati seif\u0173 saugykla. &nbsp; Dyd\u017eiai svyruoja nuo 35x245x435 iki 290x245x435, kainos nuo 30,00 \u20ac per m\u0117nes\u012f. &nbsp; Saugu, patikima, patogu, konfidencialu. &nbsp; R\u012bgas seifi &#8211; yra profesionali alternatyva bankui. &nbsp; Vienintel\u0117 Baltijoje privati seif\u0173 saugykla. Rigas seifi yra tarptautin\u0117s federacijos seif\u0173 saugykl\u0173 narys &nbsp; Ruo\u0161iat\u0117s atostog\u0173? Da\u017enai neb\u016bnate namuose ir nerimaujate d\u0117l [&hellip;]<\/p>\n","protected":false},"author":1,"featured_media":0,"parent":0,"menu_order":0,"comment_status":"closed","ping_status":"closed","template":"","meta":{"_et_pb_use_builder":"on","_et_pb_old_content":"<p>sdasdasd<\/p>","_et_gb_content_width":"","footnotes":""},"class_list":["post-4","page","type-page","status-publish","hentry"],"aioseo_notices":[],"_links":{"self":[{"href":"https:\/\/rigasseifi.lv\/lt\/wp-json\/wp\/v2\/pages\/4"}],"collection":[{"href":"https:\/\/rigasseifi.lv\/lt\/wp-json\/wp\/v2\/pages"}],"about":[{"href":"https:\/\/rigasseifi.lv\/lt\/wp-json\/wp\/v2\/types\/page"}],"author":[{"embeddable":true,"href":"https:\/\/rigasseifi.lv\/lt\/wp-json\/wp\/v2\/users\/1"}],"replies":[{"embeddable":true,"href":"https:\/\/rigasseifi.lv\/lt\/wp-json\/wp\/v2\/comments?post=4"}],"version-history":[{"count":170,"href":"https:\/\/rigasseifi.lv\/lt\/wp-json\/wp\/v2\/pages\/4\/revisions"}],"predecessor-version":[{"id":1765,"href":"https:\/\/rigasseifi.lv\/lt\/wp-json\/wp\/v2\/pages\/4\/revisions\/1765"}],"wp:attachment":[{"href":"https:\/\/rigasseifi.lv\/lt\/wp-json\/wp\/v2\/media?parent=4"}],"curies":[{"name":"wp","href":"https:\/\/api.w.org\/{rel}","templated":true}]}}