{"id":106,"date":"2017-04-13T12:40:32","date_gmt":"2017-04-13T12:40:32","guid":{"rendered":"https:\/\/rigasseifi.lv\/ru\/?page_id=106"},"modified":"2023-08-01T23:33:43","modified_gmt":"2023-08-01T20:33:43","slug":"kontaktai","status":"publish","type":"page","link":"https:\/\/rigasseifi.lv\/lt\/kontaktai\/","title":{"rendered":"Kontaktai"},"content":{"rendered":"<p>[et_pb_section bb_built=&#8221;1&#8243; admin_label=&#8221;section&#8221; fullwidth=&#8221;on&#8221; transparent_background=&#8221;off&#8221; allow_player_pause=&#8221;off&#8221; inner_shadow=&#8221;off&#8221; parallax=&#8221;off&#8221; parallax_method=&#8221;on&#8221; make_fullwidth=&#8221;off&#8221; use_custom_width=&#8221;off&#8221; width_unit=&#8221;on&#8221; make_equal=&#8221;off&#8221; use_custom_gutter=&#8221;off&#8221;][et_pb_fullwidth_map admin_label=&#8221;Fullwidth Map&#8221; address=&#8221;\u0122ertr\u016bdes iela 33\/35, Centra rajons, R\u012bga, LV-1011, Latvia&#8221; zoom_level=&#8221;14&#8243; address_lat=&#8221;56.95584824958163&#8243; address_lng=&#8221;24.12542146480403&#8243; mouse_wheel=&#8221;off&#8221; mobile_dragging=&#8221;off&#8221; disabled_on=&#8221;|off|&#8221; _builder_version=&#8221;3.0.51&#8243;]<\/p>\n<p>[et_pb_map_pin title=&#8221;Rigas Seifi&#8221; pin_address=&#8221;\u0122ertr\u016bdes iela 33\/35, Centra rajons, R\u012bga, LV-1011, Latvia&#8221; pin_address_lat=&#8221;56.9552336&#8243; pin_address_lng=&#8221;24.12684839999997&#8243; \/]<\/p>\n<p>[\/et_pb_fullwidth_map][\/et_pb_section][et_pb_section bb_built=&#8221;1&#8243; admin_label=&#8221;section&#8221;][et_pb_row admin_label=&#8221;row&#8221; gutter_width=&#8221;4&#8243; use_custom_gutter=&#8221;on&#8221; make_fullwidth=&#8221;off&#8221; use_custom_width=&#8221;off&#8221; width_unit=&#8221;on&#8221; allow_player_pause=&#8221;off&#8221; parallax=&#8221;off&#8221; parallax_method=&#8221;on&#8221; make_equal=&#8221;off&#8221; parallax_1=&#8221;off&#8221; parallax_method_1=&#8221;off&#8221; parallax_2=&#8221;off&#8221; parallax_method_2=&#8221;off&#8221; parallax_3=&#8221;off&#8221; parallax_method_3=&#8221;off&#8221; background_position=&#8221;top_left&#8221; background_repeat=&#8221;repeat&#8221; background_size=&#8221;initial&#8221; _builder_version=&#8221;3.0.51&#8243;][et_pb_column type=&#8221;1_2&#8243;][et_pb_contact_form admin_label=&#8221;Contact Form&#8221; title=&#8221;Susisiekti&#8221; success_message=&#8221;A\u010di\u016b u\u017e j\u016bs\u0173 prane\u0161im\u0105!&#8221; module_id=&#8221;et_pb_contact_form_0&#8243; captcha=&#8221;on&#8221; email=&#8221;info@rigasseifi.lv&#8221; use_redirect=&#8221;off&#8221; input_border_radius=&#8221;0&#8243; border_style=&#8221;solid&#8221; custom_button=&#8221;off&#8221; button_letter_spacing=&#8221;0&#8243; button_icon_placement=&#8221;right&#8221; button_letter_spacing_hover=&#8221;0&#8243; custom_message=&#8221;%%Name%%, email: %%Email%% Wrote a message: %%Message%%&#8221; _builder_version=&#8221;3.0.51&#8243;]<\/p>\n<p>[et_pb_contact_field field_id=&#8221;Name&#8221; field_title=&#8221;Vardas, Pavard\u0117&#8221; fullwidth_field=&#8221;on&#8221; form_field_font=&#8221;||||&#8221; use_border_color=&#8221;off&#8221; field_type=&#8221;input&#8221; checkbox_checked=&#8221;off&#8221; min_length=&#8221;0&#8243; max_length=&#8221;0&#8243; allowed_symbols=&#8221;all&#8221; required_mark=&#8221;on&#8221; conditional_logic=&#8221;off&#8221; conditional_logic_relation=&#8221;off&#8221; conditional_logic_rules=&#8221;%91{%22field%22:%22email%22,%22condition%22:%22is%22,%22value%22:%22%22}%93&#8243; form_field_font_select=&#8221;default&#8221; border_style=&#8221;solid&#8221; \/][et_pb_contact_field field_id=&#8221;Email&#8221; field_title=&#8221;\u0415-pa\u0161tas&#8221; field_type=&#8221;email&#8221; fullwidth_field=&#8221;on&#8221; form_field_font=&#8221;||||&#8221; use_border_color=&#8221;off&#8221; checkbox_checked=&#8221;off&#8221; min_length=&#8221;0&#8243; max_length=&#8221;0&#8243; allowed_symbols=&#8221;all&#8221; required_mark=&#8221;on&#8221; conditional_logic=&#8221;off&#8221; conditional_logic_relation=&#8221;off&#8221; conditional_logic_rules=&#8221;%91{%22field%22:%22name%22,%22condition%22:%22is%22,%22value%22:%22%22}%93&#8243; form_field_font_select=&#8221;default&#8221; border_style=&#8221;solid&#8221; \/][et_pb_contact_field field_id=&#8221;Message&#8221; field_title=&#8221;Prane\u0161imas&#8221; field_type=&#8221;text&#8221; fullwidth_field=&#8221;on&#8221; form_field_font=&#8221;||||&#8221; use_border_color=&#8221;off&#8221; checkbox_checked=&#8221;off&#8221; min_length=&#8221;0&#8243; max_length=&#8221;0&#8243; allowed_symbols=&#8221;all&#8221; required_mark=&#8221;on&#8221; conditional_logic=&#8221;off&#8221; conditional_logic_relation=&#8221;off&#8221; conditional_logic_rules=&#8221;%91{%22field%22:%22name%22,%22condition%22:%22is%22,%22value%22:%22%22}%93&#8243; form_field_font_select=&#8221;default&#8221; border_style=&#8221;solid&#8221; \/]<\/p>\n<p>[\/et_pb_contact_form][\/et_pb_column][et_pb_column type=&#8221;1_2&#8243;][et_pb_text admin_label=&#8221;Text&#8221; background_layout=&#8221;light&#8221; text_orientation=&#8221;left&#8221; border_style=&#8221;solid&#8221; background_position=&#8221;top_left&#8221; background_repeat=&#8221;repeat&#8221; background_size=&#8221;initial&#8221; _builder_version=&#8221;3.0.51&#8243;]<\/p>\n<h3>Saugykla Rygoje<\/h3>\n<p>Seif\u0173 saugykla yra Rygos miesto centre istoriniame rajone, du \u012f\u0117jimai &#8211; i\u0161 Gertr\u016bdes gatv\u0117s ir i\u0161 Martas gatv\u0117s. \u0160alia ir gretimose gatv\u0117se &#8211; savivaldyb\u0117s automobili\u0173 stov\u0117jimo aik\u0161tel\u0117.<\/p>\n<p><strong>Adresas<\/strong>: Gertrudes g. 33\/35, Ryga, Latvija<br \/>\n<strong>Darbo metu:<\/strong><br \/>\nPirmadienis- Penktadienis: 10:00 &#8211; 19:00<br \/>\n<span style=\"font-weight: 400;\">Kitu laiku &#8211; i\u0161ankstinis suderinimas telefonu: +371 28888030 arba +371 28888040.<\/span><\/p>\n<h3>Klient\u0173 aptarnavimas<\/h3>\n<p><strong>Telefonas:<\/strong>\u00a0+371 28888030<br \/>\n<strong>Telefonas:<\/strong>\u00a0+371 28888040<br \/>\n<strong>E-pa\u0161tas:<\/strong>\u00a0info@rigasafe.lv<\/p>\n<p>[\/et_pb_text][\/et_pb_column][\/et_pb_row][\/et_pb_section]<\/p>\n","protected":false},"excerpt":{"rendered":"<p>Saugykla Rygoje Seif\u0173 saugykla yra Rygos miesto centre istoriniame rajone, du \u012f\u0117jimai &#8211; i\u0161 Gertr\u016bdes gatv\u0117s ir i\u0161 Martas gatv\u0117s. \u0160alia ir gretimose gatv\u0117se &#8211; savivaldyb\u0117s automobili\u0173 stov\u0117jimo aik\u0161tel\u0117. Adresas: Gertrudes g. 33\/35, Ryga, Latvija Darbo metu: Pirmadienis- Penktadienis: 10:00 &#8211; 19:00 Kitu laiku &#8211; i\u0161ankstinis suderinimas telefonu: +371 28888030 arba +371 28888040. Klient\u0173 aptarnavimas [&hellip;]<\/p>\n","protected":false},"author":1,"featured_media":0,"parent":0,"menu_order":0,"comment_status":"closed","ping_status":"closed","template":"","meta":{"_et_pb_use_builder":"on","_et_pb_old_content":"","_et_gb_content_width":"","footnotes":""},"class_list":["post-106","page","type-page","status-publish","hentry"],"aioseo_notices":[],"_links":{"self":[{"href":"https:\/\/rigasseifi.lv\/lt\/wp-json\/wp\/v2\/pages\/106"}],"collection":[{"href":"https:\/\/rigasseifi.lv\/lt\/wp-json\/wp\/v2\/pages"}],"about":[{"href":"https:\/\/rigasseifi.lv\/lt\/wp-json\/wp\/v2\/types\/page"}],"author":[{"embeddable":true,"href":"https:\/\/rigasseifi.lv\/lt\/wp-json\/wp\/v2\/users\/1"}],"replies":[{"embeddable":true,"href":"https:\/\/rigasseifi.lv\/lt\/wp-json\/wp\/v2\/comments?post=106"}],"version-history":[{"count":64,"href":"https:\/\/rigasseifi.lv\/lt\/wp-json\/wp\/v2\/pages\/106\/revisions"}],"predecessor-version":[{"id":1772,"href":"https:\/\/rigasseifi.lv\/lt\/wp-json\/wp\/v2\/pages\/106\/revisions\/1772"}],"wp:attachment":[{"href":"https:\/\/rigasseifi.lv\/lt\/wp-json\/wp\/v2\/media?parent=106"}],"curies":[{"name":"wp","href":"https:\/\/api.w.org\/{rel}","templated":true}]}}