{"id":849,"date":"2017-05-22T23:03:01","date_gmt":"2017-05-22T20:03:01","guid":{"rendered":"https:\/\/rigasseifi.lv\/ru\/?page_id=849"},"modified":"2020-07-17T14:42:18","modified_gmt":"2020-07-17T11:42:18","slug":"teenused","status":"publish","type":"page","link":"https:\/\/rigasseifi.lv\/ee\/teenused\/","title":{"rendered":"Teenused"},"content":{"rendered":"<p>[et_pb_section bb_built=&#8221;1&#8243; admin_label=&#8221;section&#8221; fullwidth=&#8221;on&#8221; specialty=&#8221;off&#8221; transparent_background=&#8221;off&#8221; allow_player_pause=&#8221;off&#8221; inner_shadow=&#8221;off&#8221; parallax=&#8221;off&#8221; parallax_method=&#8221;on&#8221; make_fullwidth=&#8221;off&#8221; use_custom_width=&#8221;off&#8221; width_unit=&#8221;on&#8221; make_equal=&#8221;off&#8221; use_custom_gutter=&#8221;off&#8221;][et_pb_fullwidth_slider admin_label=&#8221;Fullwidth Slider&#8221; show_arrows=&#8221;on&#8221; show_pagination=&#8221;on&#8221; auto=&#8221;off&#8221; parallax=&#8221;on&#8221; auto_ignore_hover=&#8221;off&#8221; parallax_method=&#8221;off&#8221; remove_inner_shadow=&#8221;off&#8221; background_position=&#8221;top_left&#8221; hide_content_on_mobile=&#8221;off&#8221; hide_cta_on_mobile=&#8221;off&#8221; show_image_video_mobile=&#8221;off&#8221; custom_button=&#8221;off&#8221; button_letter_spacing=&#8221;0&#8243; button_icon_placement=&#8221;right&#8221; button_letter_spacing_hover=&#8221;0&#8243; _builder_version=&#8221;3.0.51&#8243;]<\/p>\n<p>[et_pb_slide heading=&#8221;Teenused&#8221; background_image=&#8221;https:\/\/rigasseifi.lv\/wp-content\/uploads\/2017\/05\/services.jpg&#8221; background_color=&#8221;#ffffff&#8221; alignment=&#8221;center&#8221; background_layout=&#8221;dark&#8221; background_position=&#8221;top_left&#8221; background_size=&#8221;cover&#8221; use_bg_overlay=&#8221;off&#8221; use_text_overlay=&#8221;on&#8221; allow_player_pause=&#8221;off&#8221; text_border_radius=&#8221;3&#8243; header_font_select=&#8221;default&#8221; header_font=&#8221;||||&#8221; body_font_select=&#8221;default&#8221; body_font=&#8221;||||&#8221; custom_button=&#8221;off&#8221; button_font_select=&#8221;default&#8221; button_font=&#8221;||||&#8221; button_use_icon=&#8221;default&#8221; button_icon_placement=&#8221;right&#8221; button_on_hover=&#8221;on&#8221; text_overlay_color=&#8221;rgba(0,0,0,0.57)&#8221; bg_overlay_color=&#8221;rgba(255,255,255,0.3)&#8221; use_background_color_gradient=&#8221;off&#8221; background_color_gradient_start=&#8221;#2b87da&#8221; background_color_gradient_end=&#8221;#29c4a9&#8243; background_color_gradient_type=&#8221;linear&#8221; background_color_gradient_direction=&#8221;180deg&#8221; background_color_gradient_direction_radial=&#8221;center&#8221; background_color_gradient_start_position=&#8221;0%&#8221; background_color_gradient_end_position=&#8221;100%&#8221; parallax=&#8221;off&#8221; parallax_method=&#8221;off&#8221; background_repeat=&#8221;no-repeat&#8221; background_blend=&#8221;normal&#8221;]<\/p>\n<p>Ohutu, kindel, mugav, konfidentsiaalne.<\/p>\n<p>[\/et_pb_slide]<\/p>\n<p>[\/et_pb_fullwidth_slider][\/et_pb_section][et_pb_section bb_built=&#8221;1&#8243; admin_label=&#8221;section&#8221;][et_pb_row admin_label=&#8221;row&#8221; make_fullwidth=&#8221;off&#8221; use_custom_width=&#8221;off&#8221; width_unit=&#8221;on&#8221; use_custom_gutter=&#8221;on&#8221; gutter_width=&#8221;2&#8243; allow_player_pause=&#8221;off&#8221; parallax=&#8221;off&#8221; parallax_method=&#8221;on&#8221; make_equal=&#8221;off&#8221; parallax_1=&#8221;off&#8221; parallax_method_1=&#8221;off&#8221; background_position=&#8221;top_left&#8221; background_repeat=&#8221;repeat&#8221; background_size=&#8221;initial&#8221;][et_pb_column type=&#8221;4_4&#8243;][et_pb_accordion admin_label=&#8221;Accordion&#8221; border_style=&#8221;solid&#8221; _builder_version=&#8221;3.0.51&#8243;] [et_pb_accordion_item title=&#8221;Hoiulaeka rent&#8221;]<\/p>\n<p>Rigas seifi osutab teenust dokumentide ja v\u00e4\u00e4risesemete hoiustamiseks individuaalsetes hoiulaegastes, kindlustades t\u00e4ieliku turvalisuse ja konfidentsiaalsuse. Seifi hoidla asub Riia kesklinnas. Kahte spetsiaalselt varustatud hoidlasse on paigutatud \u00fcle kolme tuhande metallist seifi viies erinevas suuruses k\u014drgusega 35mm kuni 290 mm (<a href=\"https:\/\/rigasseifi.lv\/ee\/seifid\/\">seifid , hinnad ja suurused<\/a>)<br \/>\nHoidlas asuvad ka turvalised laotsoonid suurem\u014d\u014dtmeliste esemete jaoks nagu n\u00e4iteks, maalid ja antikvariaat. Hoiulaekai sisu on konfidentsiaalne ja kindlustatud (<a href=\"https:\/\/rigasseifi.lv\/wp-content\/uploads\/ires_noteikumi_en.pdf\">hoiulaeka rendi tingimused<\/a><a id=\"41fc98b9-ceff-4a35-938d-5b10271306f4\" title=\"View this pdf file\" href=\"https:\/\/docs.google.com\/viewer?url=https%3A%2F%2Frigasseifi.lv%2Fwp-content%2Fuploads%2Fires_noteikumi_en.pdf&amp;embedded=true&amp;chrome=false&amp;dov=1\"><img decoding=\"async\" style=\"margin-left: 3px; width: 16px; height: 16px;\" src=\"chrome-extension:\/\/gmpljdlgcdkljlppaekciacdmdlhfeon\/images\/beside-link-icon.svg\" \/><\/a>)<\/p>\n<p>[\/et_pb_accordion_item][et_pb_accordion_item title=&#8221;V\u014dimalik \u00f6\u00f6p\u00e4evaringne ligip\u00e4\u00e4s seifi&#8221;]<\/p>\n<p>Lahtiolekuajad t\u00f6\u00f6p\u00e4evadel 10.00 kuni 19.00. Vajadusel saab klient ligip\u00e4\u00e4su hoiulaekale \u00f6\u00f6p\u00e4evaringselt. Selleks peab eelnevalt kokkuleppima helistades telefonil +37128888030 v\u014di +37128888040. Selle teenuse eest makstakse vastavalt fikseeritud tariifidele.<\/p>\n<p>[\/et_pb_accordion_item][et_pb_accordion_item title=&#8221;The deal box&#8221;]<\/p>\n<p>Teenus kindlustamaks, et m\u00f5lemad osapooled t\u00e4idavad lepingut.<br \/>\nHoiulaeka kasutamine tehingu l\u00e4biviimiseks \u2013 turvaline, kindel ja kiire.<\/p>\n<p>Tagamaks tehingu usaldusv\u00e4\u00e4rsust allkirjastavad osapooled kolmepoolse kokkuleppe, rendivad hoiulaeka, kus hoitakse lepingu objekti ( n\u00e4iteks, sularaha, dokumendid, v\u00e4\u00e4risesemed jne).<\/p>\n<p>Hoiulaeka v\u014dtmed antakse Rigas seifi k\u00e4tte hoiule tehingu l\u00f5puni. Rigas seifi roll on olla tehingu tagatiseandja. Kui k\u00f5ik kolmepoolses kokkuleppes etten\u00e4htud tingimused on t\u00e4idetud ( vastavad t\u00f5estusmaterjalid ja dokumendid ette n\u00e4idatud ) antakse v\u00f5tmed edasi \u00fchele partneritest, kes v\u00f5ib seej\u00e4rel hoiulaegast edasi kasutada.<\/p>\n<p>[\/et_pb_accordion_item][et_pb_accordion_item title=&#8221;Turvatud \u00fcleandmine&#8221;]<\/p>\n<p>Kui kliendil on vaja transportida v\u00e4\u00e4risesemeid seifi v\u00f5i vastupidi koju siis eelneval kokkuleppel juhatajaga saab tellida turvatud \u00fcleandmise. Hind on kokkuleppeline ja s\u00f5ltub turva liigist, kasutatavatest autodest ja kaugusest.<\/p>\n<p>[\/et_pb_accordion_item][et_pb_accordion_item title=&#8221;Ruumid l\u00e4bir\u00e4\u00e4kimisteks ja dokumentide allkirjastamiseks&#8221;]<\/p>\n<p>Seifi hoidlas asub kaasaegse kontoritehnikaga varustatud ruum l\u00e4bir\u00e4\u00e4kimiste l\u00e4biviimiseks. N\u00e4iteks kui klient plaanib allkirjastada dokumendid otseselt enne hoiulaekasse paigutamist v\u00f5i viia l\u00e4bi konfidentsiaalseid l\u00e4bir\u00e4\u00e4kimisi, saab selleks rentida Business room&#8217;i. Rigas seifi garanteerib teie koosoleku konfidentsiaalsuse. Videovalvet nendes ruumides ei teostata. Ruumi rentimiseks kontakteeruda eelnevalt juhatajaga telefonil +371 28888030 v\u00f5i +371 28888040.<\/p>\n<p>[\/et_pb_accordion_item] [\/et_pb_accordion][\/et_pb_column][\/et_pb_row][\/et_pb_section]<\/p>\n","protected":false},"excerpt":{"rendered":"<p>Ohutu, kindel, mugav, konfidentsiaalne. Rigas seifi osutab teenust dokumentide ja v\u00e4\u00e4risesemete hoiustamiseks individuaalsetes hoiulaegastes, kindlustades t\u00e4ieliku turvalisuse ja konfidentsiaalsuse. Seifi hoidla asub Riia kesklinnas. Kahte spetsiaalselt varustatud hoidlasse on paigutatud \u00fcle kolme tuhande metallist seifi viies erinevas suuruses k\u014drgusega 35mm kuni 290 mm (seifid , hinnad ja suurused) Hoidlas asuvad ka turvalised laotsoonid suurem\u014d\u014dtmeliste esemete [&hellip;]<\/p>\n","protected":false},"author":1,"featured_media":0,"parent":0,"menu_order":0,"comment_status":"closed","ping_status":"closed","template":"","meta":{"_et_pb_use_builder":"on","_et_pb_old_content":"","_et_gb_content_width":"","footnotes":""},"class_list":["post-849","page","type-page","status-publish","hentry"],"aioseo_notices":[],"_links":{"self":[{"href":"https:\/\/rigasseifi.lv\/ee\/wp-json\/wp\/v2\/pages\/849"}],"collection":[{"href":"https:\/\/rigasseifi.lv\/ee\/wp-json\/wp\/v2\/pages"}],"about":[{"href":"https:\/\/rigasseifi.lv\/ee\/wp-json\/wp\/v2\/types\/page"}],"author":[{"embeddable":true,"href":"https:\/\/rigasseifi.lv\/ee\/wp-json\/wp\/v2\/users\/1"}],"replies":[{"embeddable":true,"href":"https:\/\/rigasseifi.lv\/ee\/wp-json\/wp\/v2\/comments?post=849"}],"version-history":[{"count":32,"href":"https:\/\/rigasseifi.lv\/ee\/wp-json\/wp\/v2\/pages\/849\/revisions"}],"predecessor-version":[{"id":1741,"href":"https:\/\/rigasseifi.lv\/ee\/wp-json\/wp\/v2\/pages\/849\/revisions\/1741"}],"wp:attachment":[{"href":"https:\/\/rigasseifi.lv\/ee\/wp-json\/wp\/v2\/media?parent=849"}],"curies":[{"name":"wp","href":"https:\/\/api.w.org\/{rel}","templated":true}]}}