{"id":4,"date":"2017-04-13T10:37:13","date_gmt":"2017-04-13T10:37:13","guid":{"rendered":"https:\/\/rigasseifi.lv\/ru\/?page_id=4"},"modified":"2022-04-10T15:06:44","modified_gmt":"2022-04-10T12:06:44","slug":"main-page","status":"publish","type":"page","link":"https:\/\/rigasseifi.lv\/ee\/","title":{"rendered":"Kodulehek\u00fclg"},"content":{"rendered":"<p>[et_pb_section bb_built=&#8221;1&#8243; admin_label=&#8221;section&#8221; fullwidth=&#8221;on&#8221; custom_padding=&#8221;0px|0px|0px|0px&#8221;][et_pb_fullwidth_slider admin_label=&#8221;Fullwidth Slider&#8221; bottom_padding=&#8221;100px&#8221; top_padding=&#8221;100px&#8221; _builder_version=&#8221;3.0.51&#8243; show_arrows=&#8221;on&#8221; show_pagination=&#8221;on&#8221; parallax=&#8221;off&#8221; parallax_method=&#8221;off&#8221; remove_inner_shadow=&#8221;off&#8221; custom_button=&#8221;off&#8221; button_letter_spacing=&#8221;0&#8243; button_icon_placement=&#8221;right&#8221; button_letter_spacing_hover=&#8221;0&#8243; auto=&#8221;off&#8221; auto_ignore_hover=&#8221;off&#8221; hide_content_on_mobile=&#8221;off&#8221; hide_cta_on_mobile=&#8221;off&#8221; show_image_video_mobile=&#8221;off&#8221;]<\/p>\n<p>[et_pb_slide heading=&#8221;R\u012bgas seifi&#8221; button_text=&#8221;10% rendi soodustust&#8221; button_link=&#8221;https:\/\/rigasseifi.lv\/ee\/seifid\/&#8221; background_color=&#8221;#ffffff&#8221; use_background_color_gradient=&#8221;off&#8221; background_color_gradient_start=&#8221;#2b87da&#8221; background_color_gradient_end=&#8221;#29c4a9&#8243; background_color_gradient_type=&#8221;linear&#8221; background_color_gradient_direction=&#8221;180deg&#8221; background_color_gradient_direction_radial=&#8221;center&#8221; background_color_gradient_start_position=&#8221;0%&#8221; background_color_gradient_end_position=&#8221;100%&#8221; background_image=&#8221;https:\/\/rigasseifi.lv\/ru\/wp-content\/uploads\/sites\/2\/2018\/04\/bg_akcija.jpg&#8221; parallax=&#8221;off&#8221; parallax_method=&#8221;off&#8221; background_position=&#8221;center&#8221; background_size=&#8221;cover&#8221; background_repeat=&#8221;no-repeat&#8221; background_blend=&#8221;normal&#8221; allow_player_pause=&#8221;off&#8221; use_bg_overlay=&#8221;off&#8221; use_text_overlay=&#8221;on&#8221; text_border_radius=&#8221;3&#8243; alignment=&#8221;center&#8221; background_layout=&#8221;dark&#8221; header_font_select=&#8221;default&#8221; header_font=&#8221;||||&#8221; body_font_select=&#8221;default&#8221; body_font=&#8221;||||&#8221; custom_button=&#8221;off&#8221; button_font_select=&#8221;default&#8221; button_font=&#8221;||||&#8221; button_use_icon=&#8221;default&#8221; button_icon_placement=&#8221;right&#8221; button_on_hover=&#8221;on&#8221;]<\/p>\n<p>&nbsp;<br \/>\nainuke privaatne seifi hoidla Baltikumis<\/p>\n<p>[\/et_pb_slide][et_pb_slide heading=&#8221;Seifi hoidla&#8221; button_text=&#8221;Rohkem teavet&#8221; button_link=&#8221;\/ee\/seifid&#8221; background_image=&#8221;https:\/\/rigasseifi.lv\/ru\/wp-content\/uploads\/sites\/2\/2017\/04\/DSC03319.jpg&#8221; use_bg_overlay=&#8221;off&#8221; use_text_overlay=&#8221;on&#8221; text_overlay_color=&#8221;rgba(0,0,0,0.5)&#8221; video_bg_width=&#8221;1920&#8243; video_bg_height=&#8221;638&#8243; header_font=&#8221;||||&#8221; body_font=&#8221;||||&#8221; custom_button=&#8221;off&#8221; button_icon_placement=&#8221;right&#8221; button_on_hover=&#8221;on&#8221; background_color=&#8221;#ffffff&#8221; use_background_color_gradient=&#8221;off&#8221; background_color_gradient_start=&#8221;#2b87da&#8221; background_color_gradient_end=&#8221;#29c4a9&#8243; background_color_gradient_type=&#8221;linear&#8221; background_color_gradient_direction=&#8221;180deg&#8221; background_color_gradient_direction_radial=&#8221;center&#8221; background_color_gradient_start_position=&#8221;0%&#8221; background_color_gradient_end_position=&#8221;100%&#8221; parallax=&#8221;off&#8221; parallax_method=&#8221;off&#8221; background_position=&#8221;center&#8221; background_size=&#8221;cover&#8221; background_repeat=&#8221;no-repeat&#8221; background_blend=&#8221;normal&#8221; allow_player_pause=&#8221;off&#8221; text_border_radius=&#8221;3&#8243; alignment=&#8221;center&#8221; background_layout=&#8221;dark&#8221; header_font_select=&#8221;default&#8221; body_font_select=&#8221;default&#8221; button_font_select=&#8221;default&#8221; button_font=&#8221;||||&#8221; button_use_icon=&#8221;default&#8221;]<\/p>\n<p>&nbsp;<br \/>\nSuurused alates 35x245x435 kuni 290x245x435, hinnad alates 30,00 \u20ac kuus.<\/p>\n<p>[\/et_pb_slide][et_pb_slide heading=&#8221;Teenused&#8221; button_text=&#8221;Rohkem teavet&#8221; button_link=&#8221;\/ee\/teenused&#8221; background_image=&#8221;https:\/\/rigasseifi.lv\/wp-content\/uploads\/2017\/05\/services.jpg&#8221; use_bg_overlay=&#8221;off&#8221; use_text_overlay=&#8221;on&#8221; header_font=&#8221;||||&#8221; body_font=&#8221;||||&#8221; custom_button=&#8221;off&#8221; button_icon_placement=&#8221;right&#8221; button_on_hover=&#8221;on&#8221; background_color=&#8221;#ffffff&#8221; use_background_color_gradient=&#8221;off&#8221; background_color_gradient_start=&#8221;#2b87da&#8221; background_color_gradient_end=&#8221;#29c4a9&#8243; background_color_gradient_type=&#8221;linear&#8221; background_color_gradient_direction=&#8221;180deg&#8221; background_color_gradient_direction_radial=&#8221;center&#8221; background_color_gradient_start_position=&#8221;0%&#8221; background_color_gradient_end_position=&#8221;100%&#8221; parallax=&#8221;off&#8221; parallax_method=&#8221;off&#8221; background_position=&#8221;center&#8221; background_size=&#8221;cover&#8221; background_repeat=&#8221;no-repeat&#8221; background_blend=&#8221;normal&#8221; allow_player_pause=&#8221;off&#8221; text_border_radius=&#8221;3&#8243; alignment=&#8221;center&#8221; background_layout=&#8221;dark&#8221; header_font_select=&#8221;default&#8221; body_font_select=&#8221;default&#8221; button_font_select=&#8221;default&#8221; button_font=&#8221;||||&#8221; button_use_icon=&#8221;default&#8221;]<\/p>\n<p>&nbsp;<br \/>\nOhutu, kindel, mugav, konfidentsiaalne.<\/p>\n<p>[\/et_pb_slide][et_pb_slide heading=&#8221;Ettev\u00f5ttest&#8221; button_text=&#8221;Rohkem teavet&#8221; button_link=&#8221;https:\/\/rigasseifi.lv\/ee\/ettevottest\/&#8221; background_image=&#8221;https:\/\/rigasseifi.lv\/wp-content\/uploads\/2017\/05\/about_us.jpg&#8221; use_bg_overlay=&#8221;off&#8221; use_text_overlay=&#8221;on&#8221; header_font=&#8221;||||&#8221; body_font=&#8221;||||&#8221; custom_button=&#8221;off&#8221; button_icon_placement=&#8221;right&#8221; button_on_hover=&#8221;on&#8221; background_color=&#8221;#ffffff&#8221; use_background_color_gradient=&#8221;off&#8221; background_color_gradient_start=&#8221;#2b87da&#8221; background_color_gradient_end=&#8221;#29c4a9&#8243; background_color_gradient_type=&#8221;linear&#8221; background_color_gradient_direction=&#8221;180deg&#8221; background_color_gradient_direction_radial=&#8221;center&#8221; background_color_gradient_start_position=&#8221;0%&#8221; background_color_gradient_end_position=&#8221;100%&#8221; parallax=&#8221;off&#8221; parallax_method=&#8221;off&#8221; background_position=&#8221;center&#8221; background_size=&#8221;cover&#8221; background_repeat=&#8221;no-repeat&#8221; background_blend=&#8221;normal&#8221; allow_player_pause=&#8221;off&#8221; text_border_radius=&#8221;3&#8243; alignment=&#8221;center&#8221; background_layout=&#8221;dark&#8221; header_font_select=&#8221;default&#8221; body_font_select=&#8221;default&#8221; button_font_select=&#8221;default&#8221; button_font=&#8221;||||&#8221; button_use_icon=&#8221;default&#8221;]<\/p>\n<p>&nbsp;<br \/>\nR\u012bgas seifi &#8211;&nbsp;on pangale professionaalne alternatiiv.<\/p>\n<p>[\/et_pb_slide][et_pb_slide heading=&#8221;R\u012bgas seifi&#8221; background_image=&#8221;https:\/\/rigasseifi.lv\/ru\/wp-content\/uploads\/sites\/2\/2017\/04\/287.jpg&#8221; background_size=&#8221;initial&#8221; use_bg_overlay=&#8221;off&#8221; use_text_overlay=&#8221;on&#8221; text_overlay_color=&#8221;rgba(0,0,0,0.5)&#8221; video_bg_width=&#8221;1920&#8243; video_bg_height=&#8221;638&#8243; header_font=&#8221;||||&#8221; body_font=&#8221;||||&#8221; custom_button=&#8221;off&#8221; button_icon_placement=&#8221;right&#8221; button_on_hover=&#8221;on&#8221; background_color=&#8221;#ffffff&#8221; use_background_color_gradient=&#8221;off&#8221; background_color_gradient_start=&#8221;#2b87da&#8221; background_color_gradient_end=&#8221;#29c4a9&#8243; background_color_gradient_type=&#8221;linear&#8221; background_color_gradient_direction=&#8221;180deg&#8221; background_color_gradient_direction_radial=&#8221;center&#8221; background_color_gradient_start_position=&#8221;0%&#8221; background_color_gradient_end_position=&#8221;100%&#8221; parallax=&#8221;off&#8221; parallax_method=&#8221;off&#8221; background_position=&#8221;center&#8221; background_repeat=&#8221;no-repeat&#8221; background_blend=&#8221;normal&#8221; allow_player_pause=&#8221;off&#8221; text_border_radius=&#8221;3&#8243; alignment=&#8221;center&#8221; background_layout=&#8221;dark&#8221; header_font_select=&#8221;default&#8221; body_font_select=&#8221;default&#8221; button_font_select=&#8221;default&#8221; button_font=&#8221;||||&#8221; button_use_icon=&#8221;default&#8221;]<\/p>\n<p>&nbsp;<br \/>\nAinuke privaatne seifi hoidla Baltikumis.<\/p>\n<p>[\/et_pb_slide]<\/p>\n<p>[\/et_pb_fullwidth_slider][\/et_pb_section][et_pb_section bb_built=&#8221;1&#8243; admin_label=&#8221;section&#8221; custom_padding=&#8221;48px|0px|48.75px|0px&#8221;][et_pb_row admin_label=&#8221;Row&#8221; background_position=&#8221;top_left&#8221; background_repeat=&#8221;repeat&#8221; background_size=&#8221;initial&#8221;][et_pb_column type=&#8221;1_4&#8243;][\/et_pb_column][et_pb_column type=&#8221;1_2&#8243;][et_pb_blurb admin_label=&#8221;Blurb&#8221; _builder_version=&#8221;3.0.51&#8243; url=&#8221;https:\/\/rigasseifi.lv\/ru\/2018\/01\/22\/rigas-selfi-sovremennyj-chlen-mezhdunarodnoj-federatsii-sejfovyh-hranilishh\/&#8221; url_new_window=&#8221;off&#8221; use_icon=&#8221;off&#8221; image=&#8221;https:\/\/rigasseifi.lv\/wp-includes\/images\/sdf_logo.png&#8221; use_circle=&#8221;off&#8221; use_circle_border=&#8221;off&#8221; icon_placement=&#8221;left&#8221; use_icon_font_size=&#8221;off&#8221; background_layout=&#8221;light&#8221; border_style=&#8221;solid&#8221; animation=&#8221;off&#8221; max_width=&#8221;100px&#8221;]<\/p>\n<p class=\"Standard\" style=\"tab-stops: 36.0pt 72.0pt 108.0pt 144.0pt 180.0pt 216.0pt 252.0pt 288.0pt 324.0pt 360.0pt 396.0pt 432.0pt;\"><span lang=\"ET\" style=\"font-family: Helvetica; color: black;\">Rigas Seifi on rahvusvahelise turvalise hoiu federatsiooni &#8216;Secure Deposit Federation&#8217; liige.<\/span><\/p>\n<p>[\/et_pb_blurb][\/et_pb_column][et_pb_column type=&#8221;1_4&#8243;][\/et_pb_column][\/et_pb_row][et_pb_row admin_label=&#8221;Row&#8221; background_position=&#8221;top_left&#8221; background_repeat=&#8221;repeat&#8221; background_size=&#8221;initial&#8221;][et_pb_column type=&#8221;4_4&#8243;][et_pb_text admin_label=&#8221;Text&#8221; background_position=&#8221;top_left&#8221; background_repeat=&#8221;repeat&#8221; background_size=&#8221;initial&#8221; _builder_version=&#8221;3.0.51&#8243; background_layout=&#8221;light&#8221; text_orientation=&#8221;left&#8221; border_style=&#8221;solid&#8221;]<\/p>\n<h1 class=\"Standard\" style=\"text-align: center;\"><span lang=\"ET\" style=\"font-family: Helvetica; color: black;\">Te l\u00e4hete reisile? Te viibite tihti kodust eemal ja muretsete oma v\u00e4\u00e4risasjade p\u00e4rast?<\/span><\/h1>\n<p>&nbsp;<\/p>\n<p>P\u00f5hjused muretsemiseks on erinevad aga lahendus on sama: Rigas seifi &#8211; ainuke ettev\u00f5te baltimaades, kes osutab pangav\u00e4list hoiulaeka rendi teenust, garanteerides konfidentsiaalsuse ja kiire ligip\u00e4\u00e4su oma v\u00e4\u00e4risesemetele.<\/p>\n<p class=\"Standard\" style=\"tab-stops: 36.0pt 72.0pt 108.0pt 144.0pt 180.0pt 216.0pt 252.0pt 288.0pt 324.0pt 360.0pt 396.0pt 432.0pt;\">Klientide kasutuses on \u00fcle kolme tuhande erinevates suurustes hoiulaeka mis on disainitud, dokumentide, v\u00e4\u00e4rispaberite, juveelide, pere reliikviate, antikvariaadi ja teiste v\u00e4\u00e4risesemete hoiustamiseks.<\/p>\n<p class=\"Standard\" style=\"tab-stops: 36.0pt 72.0pt 108.0pt 144.0pt 180.0pt 216.0pt 252.0pt 288.0pt 324.0pt 360.0pt 396.0pt 432.0pt;\">Erinevalt pankade hoiulaeka teenusest, Rigas seifis ei ole teil vaja avada arvet ega l\u00e4bida isikutuvastus kontrolli, teil on ligip\u00e4\u00e4s oma hoiulaekale igal ajal.<\/p>\n<p>[\/et_pb_text][\/et_pb_column][\/et_pb_row][et_pb_row admin_label=&#8221;row&#8221; background_position=&#8221;top_left&#8221; background_repeat=&#8221;repeat&#8221; background_size=&#8221;initial&#8221;][et_pb_column type=&#8221;1_3&#8243;][et_pb_blurb admin_label=&#8221;Blurb&#8221; title=&#8221;Usaldusv\u00e4\u00e4rne ja ohutu&#8221; use_icon=&#8221;on&#8221; font_icon=&#8221;%%287%%&#8221; icon_color=&#8221;#203f58&#8243; animation=&#8221;off&#8221; text_orientation=&#8221;center&#8221; background_position=&#8221;top_left&#8221; background_repeat=&#8221;repeat&#8221; background_size=&#8221;initial&#8221; _builder_version=&#8221;3.0.51&#8243; url_new_window=&#8221;off&#8221; use_circle=&#8221;off&#8221; use_circle_border=&#8221;off&#8221; icon_placement=&#8221;top&#8221; use_icon_font_size=&#8221;off&#8221; background_layout=&#8221;light&#8221; border_style=&#8221;solid&#8221;]<\/p>\n<p class=\"Standard\" style=\"tab-stops: 36.0pt 72.0pt 108.0pt 144.0pt 180.0pt 216.0pt 252.0pt 288.0pt 324.0pt 360.0pt 396.0pt 432.0pt;\">\u00d6\u00f6p\u00e4evaringne relvastatud valve ja kiirreageerimis r\u00fchm<\/p>\n<div class='et-learn-more clearfix'>\n\t\t\t\t\t<h3 class='heading-more'>T\u00e4psemalt<span class='et_learnmore_arrow'><span><\/span><\/span><\/h3>\n\t\t\t\t\t<div class='learn-more-content'><ul>\n<li class=\"Standard\" style=\"tab-stops: 36.0pt 72.0pt 108.0pt 144.0pt 180.0pt 216.0pt 252.0pt 288.0pt 324.0pt 360.0pt 396.0pt 432.0pt;\">Seifid asuvad kahes maa aluses raudbetoon hoidlas kogupinnaga 100 ruutmeetrit.<\/li>\n<li class=\"Standard\" style=\"tab-stops: 36.0pt 72.0pt 108.0pt 144.0pt 180.0pt 216.0pt 252.0pt 288.0pt 324.0pt 360.0pt 396.0pt 432.0pt;\">Seifi hoidla on sisustatud spetsiaalsete seadmetega Rootsi ettev\u014dttest Rosengers,kes on v\u00e4\u00e4risesemete hoiustamise eksperdid.<\/li>\n<li>Seifi hoidla on varustatud kaasaegsete julgeoleku ja j\u00e4lgimisvahenditega, tulekahju vastase s\u00fcsteemiga ja signalisatsiooniga.<\/li>\n<li style=\"text-align: left;\">\u00d6\u00f6p\u00e4evaringne relvastatud valve ja kiirreageerimis r\u00fchm.<\/li>\n<li style=\"text-align: left;\">V\u014dimalus tellida relvastatud \u00fcleandmine.<\/li>\n<li style=\"text-align: left;\">Seifi sisu on kindlustatud.<\/div>\n\t\t\t\t<\/div><\/li>\n<\/ul>\n<p>[\/et_pb_blurb][\/et_pb_column][et_pb_column type=&#8221;1_3&#8243;][et_pb_blurb admin_label=&#8221;Blurb&#8221; title=&#8221;Mugav&#8221; use_icon=&#8221;on&#8221; font_icon=&#8221;%%373%%&#8221; icon_color=&#8221;#203f58&#8243; animation=&#8221;off&#8221; text_orientation=&#8221;center&#8221; url_new_window=&#8221;off&#8221; use_circle=&#8221;off&#8221; use_circle_border=&#8221;off&#8221; icon_placement=&#8221;top&#8221; background_layout=&#8221;light&#8221; use_icon_font_size=&#8221;off&#8221; border_style=&#8221;solid&#8221; background_position=&#8221;top_left&#8221; background_repeat=&#8221;repeat&#8221; background_size=&#8221;initial&#8221; _builder_version=&#8221;3.0.51&#8243;]<\/p>\n<p>Kiire hoiulaeka vormistamine ilma kohustusliku konto avamiseta.<\/p>\n<div class='et-learn-more clearfix'>\n\t\t\t\t\t<h3 class='heading-more'>T\u00e4psemalt<span class='et_learnmore_arrow'><span><\/span><\/span><\/h3>\n\t\t\t\t\t<div class='learn-more-content'><ul>\n<li style=\"text-align: left;\">Pikendatud t\u00f6\u00f6p\u00e4ev. Kokkuleppel hoiulaekale juurdep\u00e4\u00e4s 24 tundi, isegi n\u00e4dalavahetusel.<\/li>\n<li style=\"text-align: left;\">Suur valik erinevas suuruses hoiulaekaid \u2013 standartsed dokumentide hoidmiseks, avarad suuremate objektide hoidmiseks.<\/li>\n<li style=\"text-align: left;\">Koosoleku ruum b\u00fcrooseadmetega.<\/li>\n<li>Seadmed sularaha kontrolliks ja loendamiseks.<\/li>\n<li style=\"text-align: left;\"><a href=\"https:\/\/rigasseifi.lv\/ru\/kontakty\/\">Mugav asukoht<\/a> \u2013 kesklinnas, l\u00e4heduses olevate munitsipaal parkimiskohtadega.\u00a0 \u00a0<span style=\"font-weight: 400;\"><\/div>\n\t\t\t\t<\/div><\/span><\/li>\n<\/ul>\n<p>[\/et_pb_blurb][\/et_pb_column][et_pb_column type=&#8221;1_3&#8243;][et_pb_blurb admin_label=&#8221;Blurb&#8221; title=&#8221;Konfidentsiaalne&#8221; use_icon=&#8221;on&#8221; font_icon=&#8221;%%228%%&#8221; icon_color=&#8221;#203f58&#8243; animation=&#8221;off&#8221; text_orientation=&#8221;center&#8221; background_position=&#8221;top_left&#8221; background_repeat=&#8221;repeat&#8221; background_size=&#8221;initial&#8221; _builder_version=&#8221;3.0.51&#8243; url_new_window=&#8221;off&#8221; use_circle=&#8221;off&#8221; use_circle_border=&#8221;off&#8221; icon_placement=&#8221;top&#8221; use_icon_font_size=&#8221;off&#8221; background_layout=&#8221;light&#8221; border_style=&#8221;solid&#8221;]<\/p>\n<p>Isikutuvastus protseduur ei ole vajalik.<\/p>\n<div class='et-learn-more clearfix'>\n\t\t\t\t\t<h3 class='heading-more'>T\u00e4psemalt<span class='et_learnmore_arrow'><span><\/span><\/span><\/h3>\n\t\t\t\t\t<div class='learn-more-content'><ul>\n<li style=\"text-align: left;\">Isikutuvastus protseduur ei ole vajalik, s\u00e4ilitades rentniku isiku konfidentsiaalsuse.<\/li>\n<li style=\"text-align: left;\">Seifi hoidlat v\u00f5ib k\u00fclastada kliendi esindaja ilma lisa dokumentideta.<\/li>\n<li style=\"text-align: left;\">Hoiulaeka sisu konfidentsiaalsus.<\/li>\n<li style=\"text-align: left;\">Ruumid teenuse registreerimiseks ja ligip\u00e4\u00e4suks hoiulaekale ilma videovalveta.<\/li>\n<\/ul><\/div>\n\t\t\t\t<\/div>\n<p>[\/et_pb_blurb][\/et_pb_column][\/et_pb_row][\/et_pb_section][et_pb_section bb_built=&#8221;1&#8243; admin_label=&#8221;section&#8221; background_color=&#8221;#203f58&#8243; inner_shadow=&#8221;on&#8221; custom_padding=&#8221;0px|0px|0px|0px&#8221; global_module=&#8221;784&#8243;][et_pb_row admin_label=&#8221;Row&#8221; global_parent=&#8221;784&#8243; _builder_version=&#8221;3.0.47&#8243; background_size=&#8221;initial&#8221; background_position=&#8221;top_left&#8221; background_repeat=&#8221;repeat&#8221;][et_pb_column type=&#8221;4_4&#8243;][et_pb_text admin_label=&#8221;Text&#8221; global_parent=&#8221;784&#8243; background_layout=&#8221;dark&#8221; text_orientation=&#8221;center&#8221; _builder_version=&#8221;3.0.51&#8243; background_size=&#8221;initial&#8221; background_position=&#8221;top_left&#8221; background_repeat=&#8221;repeat&#8221; border_style=&#8221;solid&#8221;]<\/p>\n<h2>Kuidas kasutada teenust?<\/h2>\n<p>V\u00f5tke \u00fchendust meie esindajaga v\u00f5i k\u00fcsige infot edasistest plaanidest telefonil +371 28888030 v\u00f5i +371 28888040.<\/p>\n<p>[\/et_pb_text][\/et_pb_column][\/et_pb_row][et_pb_row admin_label=&#8221;row&#8221; global_parent=&#8221;784&#8243; use_custom_width=&#8221;on&#8221; parallax_method_1=&#8221;off&#8221; parallax_method_2=&#8221;off&#8221; custom_padding_last_edited=&#8221;off|phone&#8221; _builder_version=&#8221;3.0.47&#8243; background_size=&#8221;initial&#8221; background_position=&#8221;top_left&#8221; background_repeat=&#8221;repeat&#8221; custom_padding=&#8221;27px|0px|60px|0px&#8221;][et_pb_column type=&#8221;1_2&#8243;][et_pb_button admin_label=&#8221;\u0421\u0432\u044f\u0437\u0430\u0442\u044c\u0441\u044f&#8221; global_parent=&#8221;784&#8243; button_url=&#8221;#action-uhendust&#8221; button_text=&#8221;V\u00f5tke meiega \u00fchendust&#8221; button_alignment=&#8221;center&#8221; background_layout=&#8221;dark&#8221; module_class=&#8221;action-svyazatsya&#8221; _builder_version=&#8221;3.0.51&#8243; background_color=&#8221;#7EBEC5&#8243; url_new_window=&#8221;off&#8221; custom_button=&#8221;off&#8221; button_letter_spacing=&#8221;0&#8243; button_icon_placement=&#8221;right&#8221; button_letter_spacing_hover=&#8221;0&#8243; \/][\/et_pb_column][et_pb_column type=&#8221;1_2&#8243;][et_pb_button admin_label=&#8221;\u0420\u0435\u0437\u0435\u0440\u0432\u0430\u0446\u0438\u044f&#8221; global_parent=&#8221;784&#8243; button_url=&#8221;#action-broneeri-seif&#8221; button_text=&#8221;Broneeri seif&#8221; button_alignment=&#8221;center&#8221; background_layout=&#8221;dark&#8221; module_class=&#8221;action-zakazatj-seif&#8221; _builder_version=&#8221;3.0.51&#8243; background_color=&#8221;#7EBEC5&#8243; url_new_window=&#8221;off&#8221; custom_button=&#8221;off&#8221; button_letter_spacing=&#8221;0&#8243; button_icon_placement=&#8221;right&#8221; button_letter_spacing_hover=&#8221;0&#8243; \/][\/et_pb_column][\/et_pb_row][\/et_pb_section][et_pb_section bb_built=&#8221;1&#8243; admin_label=&#8221;Section&#8221; custom_padding=&#8221;48px|0px|0px|0px&#8221;][et_pb_row admin_label=&#8221;Row&#8221; custom_padding=&#8221;0px|0px|0px|0px&#8221;][et_pb_column type=&#8221;4_4&#8243;][et_pb_text admin_label=&#8221;Text&#8221; text_orientation=&#8221;center&#8221; _builder_version=&#8221;3.0.51&#8243; background_layout=&#8221;light&#8221; border_style=&#8221;solid&#8221;]<\/p>\n<h1 class=\"Standard\"><span lang=\"ET\" style=\"font-family: Helvetica; color: black;\">Uudised<\/span><\/h1>\n<p>[\/et_pb_text][\/et_pb_column][\/et_pb_row][et_pb_row admin_label=&#8221;Row&#8221; use_custom_gutter=&#8221;on&#8221; gutter_width=&#8221;2&#8243; custom_padding=&#8221;24.375px|0px|0px|0px&#8221; make_equal=&#8221;on&#8221; parallax_method_1=&#8221;off&#8221; parallax_method_2=&#8221;off&#8221; parallax_method_3=&#8221;off&#8221;][et_pb_column type=&#8221;1_3&#8243;][et_pb_blog admin_label=&#8221;Blog&#8221; posts_number=&#8221;1&#8243; include_categories=&#8221;9&#8243; show_more=&#8221;on&#8221; show_author=&#8221;off&#8221; show_categories=&#8221;off&#8221; show_pagination=&#8221;off&#8221; offset_number=&#8221;0&#8243; _builder_version=&#8221;3.0.51&#8243; \/][\/et_pb_column][et_pb_column type=&#8221;1_3&#8243;][et_pb_blog admin_label=&#8221;Blog&#8221; posts_number=&#8221;1&#8243; include_categories=&#8221;9&#8243; show_more=&#8221;on&#8221; show_author=&#8221;off&#8221; show_categories=&#8221;off&#8221; show_pagination=&#8221;off&#8221; offset_number=&#8221;1&#8243; _builder_version=&#8221;3.0.51&#8243; \/][\/et_pb_column][et_pb_column type=&#8221;1_3&#8243;][et_pb_blog admin_label=&#8221;Blog&#8221; posts_number=&#8221;1&#8243; include_categories=&#8221;9&#8243; show_more=&#8221;on&#8221; show_author=&#8221;off&#8221; show_categories=&#8221;off&#8221; show_pagination=&#8221;off&#8221; offset_number=&#8221;2&#8243; _builder_version=&#8221;3.0.51&#8243; \/][\/et_pb_column][\/et_pb_row][et_pb_row admin_label=&#8221;Row&#8221; custom_padding=&#8221;0px|0px|45px|0px&#8221; make_equal=&#8221;on&#8221; parallax_method_1=&#8221;off&#8221; parallax_method_2=&#8221;off&#8221; parallax_method_3=&#8221;off&#8221; parallax_method_4=&#8221;off&#8221;][et_pb_column type=&#8221;1_4&#8243;][\/et_pb_column][et_pb_column type=&#8221;1_4&#8243;][\/et_pb_column][et_pb_column type=&#8221;1_4&#8243;][\/et_pb_column][et_pb_column type=&#8221;1_4&#8243;][et_pb_button admin_label=&#8221;Button&#8221; button_url=&#8221;\/ee\/uudised&#8221; button_text=&#8221;K\u00f5ik uudised&#8221; button_alignment=&#8221;right&#8221; background_color=&#8221;#7EBEC5&#8243; _builder_version=&#8221;3.0.51&#8243; url_new_window=&#8221;off&#8221; background_layout=&#8221;light&#8221; custom_button=&#8221;off&#8221; button_letter_spacing=&#8221;0&#8243; button_icon_placement=&#8221;right&#8221; button_letter_spacing_hover=&#8221;0&#8243; \/][\/et_pb_column][\/et_pb_row][\/et_pb_section]<\/p>\n","protected":false},"excerpt":{"rendered":"<p>&nbsp; ainuke privaatne seifi hoidla Baltikumis &nbsp; Suurused alates 35x245x435 kuni 290x245x435, hinnad alates 30,00 \u20ac kuus. &nbsp; Ohutu, kindel, mugav, konfidentsiaalne. &nbsp; R\u012bgas seifi &#8211;&nbsp;on pangale professionaalne alternatiiv. &nbsp; Ainuke privaatne seifi hoidla Baltikumis. Rigas Seifi on rahvusvahelise turvalise hoiu federatsiooni &#8216;Secure Deposit Federation&#8217; liige. Te l\u00e4hete reisile? Te viibite tihti kodust eemal ja [&hellip;]<\/p>\n","protected":false},"author":1,"featured_media":0,"parent":0,"menu_order":0,"comment_status":"closed","ping_status":"closed","template":"","meta":{"_et_pb_use_builder":"on","_et_pb_old_content":"<p>sdasdasd<\/p>","_et_gb_content_width":"","footnotes":""},"class_list":["post-4","page","type-page","status-publish","hentry"],"aioseo_notices":[],"_links":{"self":[{"href":"https:\/\/rigasseifi.lv\/ee\/wp-json\/wp\/v2\/pages\/4"}],"collection":[{"href":"https:\/\/rigasseifi.lv\/ee\/wp-json\/wp\/v2\/pages"}],"about":[{"href":"https:\/\/rigasseifi.lv\/ee\/wp-json\/wp\/v2\/types\/page"}],"author":[{"embeddable":true,"href":"https:\/\/rigasseifi.lv\/ee\/wp-json\/wp\/v2\/users\/1"}],"replies":[{"embeddable":true,"href":"https:\/\/rigasseifi.lv\/ee\/wp-json\/wp\/v2\/comments?post=4"}],"version-history":[{"count":172,"href":"https:\/\/rigasseifi.lv\/ee\/wp-json\/wp\/v2\/pages\/4\/revisions"}],"predecessor-version":[{"id":1758,"href":"https:\/\/rigasseifi.lv\/ee\/wp-json\/wp\/v2\/pages\/4\/revisions\/1758"}],"wp:attachment":[{"href":"https:\/\/rigasseifi.lv\/ee\/wp-json\/wp\/v2\/media?parent=4"}],"curies":[{"name":"wp","href":"https:\/\/api.w.org\/{rel}","templated":true}]}}