{"id":1273,"date":"2017-07-09T11:50:01","date_gmt":"2017-07-09T08:50:01","guid":{"rendered":"https:\/\/rigasseifi.lv\/ru\/?page_id=1273"},"modified":"2018-11-09T19:14:46","modified_gmt":"2018-11-09T16:14:46","slug":"the-deal-box","status":"publish","type":"page","link":"https:\/\/rigasseifi.lv\/ee\/the-deal-box\/","title":{"rendered":"The deal box"},"content":{"rendered":"<p>[et_pb_section bb_built=&#8221;1&#8243; admin_label=&#8221;section&#8221; custom_padding=&#8221;0px|0px|0px|0px&#8221; fullwidth=&#8221;on&#8221; transparent_background=&#8221;off&#8221; allow_player_pause=&#8221;off&#8221; inner_shadow=&#8221;off&#8221; parallax=&#8221;off&#8221; parallax_method=&#8221;on&#8221; make_fullwidth=&#8221;off&#8221; use_custom_width=&#8221;off&#8221; width_unit=&#8221;on&#8221; make_equal=&#8221;off&#8221; use_custom_gutter=&#8221;off&#8221;][et_pb_fullwidth_slider admin_label=&#8221;Fullwidth Slider&#8221; parallax=&#8221;on&#8221; remove_inner_shadow=&#8221;on&#8221; show_arrows=&#8221;on&#8221; show_pagination=&#8221;on&#8221; auto=&#8221;off&#8221; auto_ignore_hover=&#8221;off&#8221; parallax_method=&#8221;off&#8221; background_position=&#8221;top_left&#8221; hide_content_on_mobile=&#8221;off&#8221; hide_cta_on_mobile=&#8221;off&#8221; show_image_video_mobile=&#8221;off&#8221; custom_button=&#8221;off&#8221; button_letter_spacing=&#8221;0&#8243; button_icon_placement=&#8221;right&#8221; button_letter_spacing_hover=&#8221;0&#8243; _builder_version=&#8221;3.0.51&#8243;]<\/p>\n<p>[et_pb_slide heading=&#8221;The deal box&#8221; background_image=&#8221;https:\/\/rigasseifi.lv\/wp-content\/uploads\/2017\/05\/services.jpg&#8221; background_position=&#8221;center_left&#8221; background_size=&#8221;contain&#8221; background_color=&#8221;#efefef&#8221; use_bg_overlay=&#8221;off&#8221; use_text_overlay=&#8221;on&#8221; text_overlay_color=&#8221;rgba(0,0,0,0.57)&#8221; header_font=&#8221;||||&#8221; body_font=&#8221;||||&#8221; custom_button=&#8221;off&#8221; button_icon_placement=&#8221;right&#8221; button_on_hover=&#8221;on&#8221; alignment=&#8221;center&#8221; background_layout=&#8221;dark&#8221; allow_player_pause=&#8221;off&#8221; text_border_radius=&#8221;3&#8243; header_font_select=&#8221;default&#8221; body_font_select=&#8221;default&#8221; button_font_select=&#8221;default&#8221; button_font=&#8221;||||&#8221; button_use_icon=&#8221;default&#8221; use_background_color_gradient=&#8221;off&#8221; background_color_gradient_start=&#8221;#2b87da&#8221; background_color_gradient_end=&#8221;#29c4a9&#8243; background_color_gradient_type=&#8221;linear&#8221; background_color_gradient_direction=&#8221;180deg&#8221; background_color_gradient_direction_radial=&#8221;center&#8221; background_color_gradient_start_position=&#8221;0%&#8221; background_color_gradient_end_position=&#8221;100%&#8221; parallax=&#8221;off&#8221; parallax_method=&#8221;off&#8221; background_repeat=&#8221;no-repeat&#8221; background_blend=&#8221;normal&#8221;]<\/p>\n<p>Teenus kindlustamaks, et m\u00f5lemad osapooled t\u00e4idavad lepingut.<br \/>\nHoiulaeka kasutamine tehingu l\u00e4biviimiseks \u2013 turvaline, kindel ja kiire.<\/p>\n<p>[\/et_pb_slide]<\/p>\n<p>[\/et_pb_fullwidth_slider][\/et_pb_section][et_pb_section bb_built=&#8221;1&#8243; admin_label=&#8221;Section&#8221; fullwidth=&#8221;off&#8221; specialty=&#8221;off&#8221;][et_pb_row admin_label=&#8221;Row&#8221; background_position=&#8221;top_left&#8221; background_repeat=&#8221;repeat&#8221; background_size=&#8221;initial&#8221; _builder_version=&#8221;3.0.51&#8243;][et_pb_column type=&#8221;1_4&#8243;][\/et_pb_column][et_pb_column type=&#8221;1_2&#8243;][et_pb_text admin_label=&#8221;Text&#8221; background_layout=&#8221;light&#8221; text_orientation=&#8221;left&#8221; border_style=&#8221;solid&#8221; background_position=&#8221;top_left&#8221; background_repeat=&#8221;repeat&#8221; background_size=&#8221;initial&#8221; _builder_version=&#8221;3.0.51&#8243;]<\/p>\n<h2 style=\"text-align: center;\">Kuidas see toimib?<\/h2>\n<ul>\n<li>Osapooled rendivad hoiulaeka.<\/li>\n<li>Lepingu partnerid allkirjastavad kolmepoolse kokkuleppe &#8216;Rigas seifi&#8217; ga milles viidatakse dokumentidele mis annavad \u00f5iguse &#8216;Rigas seifi&#8217; k\u00e4est v\u00f5tme saamiseks<\/li>\n<li>Osapooled panevad lepingu objekti hoiulaekasse.<\/li>\n<li>Hoiulaeka v\u00f5tmed suletakse nummerdatud \u00fcmbrikusse, allikrjastatakse ja antakse &#8216;Rigas Seifi&#8217; k\u00e4tte.<\/li>\n<li>&#8216;Rigas seifi&#8217; tegutseb tehingu garandina.<\/li>\n<li>Kokkulepitud ajal esitab \u00fcks osapooltest &#8216;Rigas seifi&#8217;le kolmepoolses kokkuleppes viidatud dokumendid. Kui dokumendid vastavad n\u00f5uetele v\u00e4ljastab &#8216;Rigas seifi&#8217; hoiulaeka v\u00f5tmed\u00a0 ligip\u00e4\u00e4suks lepingu objektile.<\/li>\n<li>Kui lepitud t\u00e4htajaks ei esitata vajalikke dokumente tagastab &#8216;Rigas seifi&#8217; v\u00f5tmed vastaspoolele.<\/li>\n<\/ul>\n<p>[\/et_pb_text][\/et_pb_column][et_pb_column type=&#8221;1_4&#8243;][\/et_pb_column][\/et_pb_row][\/et_pb_section][et_pb_section bb_built=&#8221;1&#8243; admin_label=&#8221;section&#8221; inner_shadow=&#8221;on&#8221; custom_padding=&#8221;0px|0px|0px|0px&#8221; transparent_background=&#8221;off&#8221; background_color=&#8221;#203f58&#8243; allow_player_pause=&#8221;off&#8221; parallax=&#8221;off&#8221; parallax_method=&#8221;on&#8221; make_fullwidth=&#8221;off&#8221; use_custom_width=&#8221;off&#8221; width_unit=&#8221;on&#8221; make_equal=&#8221;off&#8221; use_custom_gutter=&#8221;off&#8221; global_module=&#8221;246&#8243;][et_pb_row admin_label=&#8221;row&#8221; global_parent=&#8221;246&#8243; custom_padding=&#8221;30px|0px|32px|0px&#8221;][et_pb_column type=&#8221;4_4&#8243;][et_pb_cta admin_label=&#8221;Call To Action&#8221; global_parent=&#8221;246&#8243; title=&#8221;Veel k\u00fcsimusi?&#8221; button_text=&#8221;V\u00f5tke meiega \u00fchendust&#8221; use_background_color=&#8221;off&#8221; header_text_color=&#8221;#ffffff&#8221; url_new_window=&#8221;off&#8221; background_layout=&#8221;dark&#8221; border_style=&#8221;solid&#8221; custom_button=&#8221;off&#8221; button_letter_spacing=&#8221;0&#8243; button_icon_placement=&#8221;right&#8221; button_letter_spacing_hover=&#8221;0&#8243; button_url=&#8221;#action-\u00fchendust&#8221; module_class=&#8221;action-svyazatsya&#8221; _builder_version=&#8221;3.0.51&#8243;]<\/p>\n<p>Kui te ei leia vastust teid huvitavale k\u00fcsimusele, kirjutage meile ja me vastame kindlasti.<\/p>\n<p>[\/et_pb_cta][\/et_pb_column][\/et_pb_row][\/et_pb_section]<\/p>\n","protected":false},"excerpt":{"rendered":"<p>Teenus kindlustamaks, et m\u00f5lemad osapooled t\u00e4idavad lepingut. Hoiulaeka kasutamine tehingu l\u00e4biviimiseks \u2013 turvaline, kindel ja kiire. Kuidas see toimib? Osapooled rendivad hoiulaeka. Lepingu partnerid allkirjastavad kolmepoolse kokkuleppe &#8216;Rigas seifi&#8217; ga milles viidatakse dokumentidele mis annavad \u00f5iguse &#8216;Rigas seifi&#8217; k\u00e4est v\u00f5tme saamiseks Osapooled panevad lepingu objekti hoiulaekasse. Hoiulaeka v\u00f5tmed suletakse nummerdatud \u00fcmbrikusse, allikrjastatakse ja antakse &#8216;Rigas [&hellip;]<\/p>\n","protected":false},"author":1,"featured_media":0,"parent":0,"menu_order":0,"comment_status":"closed","ping_status":"closed","template":"","meta":{"_et_pb_use_builder":"on","_et_pb_old_content":"","_et_gb_content_width":"","footnotes":""},"class_list":["post-1273","page","type-page","status-publish","hentry"],"aioseo_notices":[],"_links":{"self":[{"href":"https:\/\/rigasseifi.lv\/ee\/wp-json\/wp\/v2\/pages\/1273"}],"collection":[{"href":"https:\/\/rigasseifi.lv\/ee\/wp-json\/wp\/v2\/pages"}],"about":[{"href":"https:\/\/rigasseifi.lv\/ee\/wp-json\/wp\/v2\/types\/page"}],"author":[{"embeddable":true,"href":"https:\/\/rigasseifi.lv\/ee\/wp-json\/wp\/v2\/users\/1"}],"replies":[{"embeddable":true,"href":"https:\/\/rigasseifi.lv\/ee\/wp-json\/wp\/v2\/comments?post=1273"}],"version-history":[{"count":22,"href":"https:\/\/rigasseifi.lv\/ee\/wp-json\/wp\/v2\/pages\/1273\/revisions"}],"predecessor-version":[{"id":1649,"href":"https:\/\/rigasseifi.lv\/ee\/wp-json\/wp\/v2\/pages\/1273\/revisions\/1649"}],"wp:attachment":[{"href":"https:\/\/rigasseifi.lv\/ee\/wp-json\/wp\/v2\/media?parent=1273"}],"curies":[{"name":"wp","href":"https:\/\/api.w.org\/{rel}","templated":true}]}}