{"id":1183,"date":"2017-06-04T22:00:02","date_gmt":"2017-06-04T19:00:02","guid":{"rendered":"https:\/\/rigasseifi.lv\/ru\/?page_id=1183"},"modified":"2022-04-10T14:45:03","modified_gmt":"2022-04-10T11:45:03","slug":"partnerprogrammid","status":"publish","type":"page","link":"https:\/\/rigasseifi.lv\/ee\/partnerprogrammid\/","title":{"rendered":"Partnerprogrammid"},"content":{"rendered":"<p>[et_pb_section bb_built=&#8221;1&#8243; admin_label=&#8221;section&#8221; custom_padding=&#8221;0px|0px|0px|0px&#8221; fullwidth=&#8221;on&#8221; transparent_background=&#8221;off&#8221; allow_player_pause=&#8221;off&#8221; inner_shadow=&#8221;off&#8221; parallax=&#8221;off&#8221; parallax_method=&#8221;on&#8221; make_fullwidth=&#8221;off&#8221; use_custom_width=&#8221;off&#8221; width_unit=&#8221;on&#8221; make_equal=&#8221;off&#8221; use_custom_gutter=&#8221;off&#8221;][et_pb_fullwidth_slider admin_label=&#8221;Fullwidth Slider&#8221; parallax=&#8221;on&#8221; remove_inner_shadow=&#8221;on&#8221; show_arrows=&#8221;on&#8221; show_pagination=&#8221;on&#8221; auto=&#8221;off&#8221; auto_ignore_hover=&#8221;off&#8221; parallax_method=&#8221;off&#8221; background_position=&#8221;top_left&#8221; hide_content_on_mobile=&#8221;off&#8221; hide_cta_on_mobile=&#8221;off&#8221; show_image_video_mobile=&#8221;off&#8221; custom_button=&#8221;off&#8221; button_letter_spacing=&#8221;0&#8243; button_icon_placement=&#8221;right&#8221; button_letter_spacing_hover=&#8221;0&#8243; _builder_version=&#8221;3.0.51&#8243;]<\/p>\n<p>[et_pb_slide heading=&#8221;Partnerprogrammid&#8221; background_image=&#8221;https:\/\/rigasseifi.lv\/ru\/wp-content\/uploads\/sites\/2\/2017\/04\/rigas_seifi.jpg&#8221; background_position=&#8221;center_left&#8221; background_size=&#8221;contain&#8221; background_color=&#8221;#efefef&#8221; use_bg_overlay=&#8221;off&#8221; use_text_overlay=&#8221;on&#8221; text_overlay_color=&#8221;rgba(0,0,0,0.57)&#8221; header_font=&#8221;||||&#8221; body_font=&#8221;||||&#8221; custom_button=&#8221;off&#8221; button_icon_placement=&#8221;right&#8221; button_on_hover=&#8221;on&#8221; alignment=&#8221;center&#8221; background_layout=&#8221;dark&#8221; allow_player_pause=&#8221;off&#8221; text_border_radius=&#8221;3&#8243; header_font_select=&#8221;default&#8221; body_font_select=&#8221;default&#8221; button_font_select=&#8221;default&#8221; button_font=&#8221;||||&#8221; button_use_icon=&#8221;default&#8221; use_background_color_gradient=&#8221;off&#8221; background_color_gradient_start=&#8221;#2b87da&#8221; background_color_gradient_end=&#8221;#29c4a9&#8243; background_color_gradient_type=&#8221;linear&#8221; background_color_gradient_direction=&#8221;180deg&#8221; background_color_gradient_direction_radial=&#8221;center&#8221; background_color_gradient_start_position=&#8221;0%&#8221; background_color_gradient_end_position=&#8221;100%&#8221; parallax=&#8221;off&#8221; parallax_method=&#8221;off&#8221; background_repeat=&#8221;no-repeat&#8221; background_blend=&#8221;normal&#8221;]<\/p>\n<p>&nbsp;<\/p>\n<p>Kutsume uusi partnereid ja aktiivseid professionaale koost\u00f6\u00f6le!<\/p>\n<p>&nbsp;<\/p>\n<p>[\/et_pb_slide]<\/p>\n<p>[\/et_pb_fullwidth_slider][\/et_pb_section][et_pb_section bb_built=&#8221;1&#8243; admin_label=&#8221;section&#8221;][et_pb_row admin_label=&#8221;row&#8221; background_position=&#8221;top_left&#8221; background_repeat=&#8221;repeat&#8221; background_size=&#8221;initial&#8221;][et_pb_column type=&#8221;1_4&#8243;][\/et_pb_column][et_pb_column type=&#8221;1_2&#8243;][et_pb_text admin_label=&#8221;Text&#8221; background_layout=&#8221;light&#8221; text_orientation=&#8221;left&#8221; border_style=&#8221;solid&#8221; background_position=&#8221;top_left&#8221; background_repeat=&#8221;repeat&#8221; background_size=&#8221;initial&#8221; _builder_version=&#8221;3.0.51&#8243;]<\/p>\n<h3>V\u014dimalus teenida fikseeritud protsent teie poolt tutvustatud klientide hoiulaegaste rendist teenitud kogusummast.<\/h3>\n<p>&nbsp;<\/p>\n<p><u>Kuidas see toimib:<\/u><\/p>\n<ol>\n<li>Teie s\u00f5lmite meiega lepingu.<\/li>\n<li>Telefoni teel broneerite meilt vajaliku koguse soovitud suuruses hoiulaekaid.<\/li>\n<li>Teatate oma kliendile, tema jaoks soovitud suuruses reserveeritud hoiulaeka numbri.<\/li>\n<li>Klient, k\u00fclastades meie ettev\u00f5tet, \u00fctleb meile reserveeritud hoiulaeka numbri ja maksab selle rendi eest.<\/li>\n<li>Kuu l\u014dpus maksame teie teenitud tulu teile mugaval viisil.<\/li>\n<\/ol>\n<p>[\/et_pb_text][\/et_pb_column][et_pb_column type=&#8221;1_4&#8243;][\/et_pb_column][\/et_pb_row][\/et_pb_section][et_pb_section bb_built=&#8221;1&#8243; admin_label=&#8221;section&#8221; inner_shadow=&#8221;on&#8221; custom_padding=&#8221;0px|0px|0px|0px&#8221; transparent_background=&#8221;off&#8221; background_color=&#8221;#203f58&#8243; allow_player_pause=&#8221;off&#8221; parallax=&#8221;off&#8221; parallax_method=&#8221;on&#8221; make_fullwidth=&#8221;off&#8221; use_custom_width=&#8221;off&#8221; width_unit=&#8221;on&#8221; make_equal=&#8221;off&#8221; use_custom_gutter=&#8221;off&#8221; global_module=&#8221;246&#8243;][et_pb_row admin_label=&#8221;row&#8221; global_parent=&#8221;246&#8243; custom_padding=&#8221;30px|0px|32px|0px&#8221;][et_pb_column type=&#8221;4_4&#8243;][et_pb_cta admin_label=&#8221;Call To Action&#8221; global_parent=&#8221;246&#8243; title=&#8221;Veel k\u00fcsimusi?&#8221; button_text=&#8221;V\u00f5tke meiega \u00fchendust&#8221; use_background_color=&#8221;off&#8221; header_text_color=&#8221;#ffffff&#8221; url_new_window=&#8221;off&#8221; background_layout=&#8221;dark&#8221; border_style=&#8221;solid&#8221; custom_button=&#8221;off&#8221; button_letter_spacing=&#8221;0&#8243; button_icon_placement=&#8221;right&#8221; button_letter_spacing_hover=&#8221;0&#8243; button_url=&#8221;#action-\u00fchendust&#8221; module_class=&#8221;action-svyazatsya&#8221; _builder_version=&#8221;3.0.51&#8243;]<\/p>\n<p>Kui te ei leia vastust teid huvitavale k\u00fcsimusele, kirjutage meile ja me vastame kindlasti.<\/p>\n<p>[\/et_pb_cta][\/et_pb_column][\/et_pb_row][\/et_pb_section]<\/p>\n","protected":false},"excerpt":{"rendered":"<p>&nbsp; Kutsume uusi partnereid ja aktiivseid professionaale koost\u00f6\u00f6le! &nbsp; V\u014dimalus teenida fikseeritud protsent teie poolt tutvustatud klientide hoiulaegaste rendist teenitud kogusummast. &nbsp; Kuidas see toimib: Teie s\u00f5lmite meiega lepingu. Telefoni teel broneerite meilt vajaliku koguse soovitud suuruses hoiulaekaid. Teatate oma kliendile, tema jaoks soovitud suuruses reserveeritud hoiulaeka numbri. Klient, k\u00fclastades meie ettev\u00f5tet, \u00fctleb meile reserveeritud [&hellip;]<\/p>\n","protected":false},"author":1,"featured_media":0,"parent":0,"menu_order":0,"comment_status":"closed","ping_status":"closed","template":"","meta":{"_et_pb_use_builder":"on","_et_pb_old_content":"<p>[et_pb_section bb_built=\"1\" admin_label=\"section\" custom_padding=\"0px|0px|0px|0px\" fullwidth=\"on\" transparent_background=\"off\" allow_player_pause=\"off\" inner_shadow=\"off\" parallax=\"off\" parallax_method=\"on\" make_fullwidth=\"off\" use_custom_width=\"off\" width_unit=\"on\" make_equal=\"off\" use_custom_gutter=\"off\"][et_pb_fullwidth_slider admin_label=\"Fullwidth Slider\" parallax=\"on\" remove_inner_shadow=\"on\" show_arrows=\"on\" show_pagination=\"on\" auto=\"off\" auto_ignore_hover=\"off\" parallax_method=\"off\" background_position=\"default\" background_size=\"default\" hide_content_on_mobile=\"off\" hide_cta_on_mobile=\"off\" show_image_video_mobile=\"off\" custom_button=\"off\" button_letter_spacing=\"0\" button_use_icon=\"default\" button_icon_placement=\"right\" button_on_hover=\"on\" button_letter_spacing_hover=\"0\"] [et_pb_slide heading=\"\u041f\u0430\u0440\u0442\u043d\u0451\u0440\u0441\u043a\u0430\u044f \u043f\u0440\u043e\u0433\u0440\u0430\u043c\u043c\u0430\" background_image=\"https:\/\/rigasseifi.lv\/ru\/wp-content\/uploads\/sites\/2\/2017\/04\/rigas_seifi.jpg\" background_position=\"center_left\" background_size=\"contain\" background_color=\"#efefef\" use_bg_overlay=\"off\" use_text_overlay=\"on\" text_overlay_color=\"rgba(0,0,0,0.57)\" header_font=\"||||\" body_font=\"||||\" custom_button=\"off\" button_icon_placement=\"right\" button_on_hover=\"on\" alignment=\"center\" background_layout=\"dark\" allow_player_pause=\"off\" text_border_radius=\"3\" header_font_select=\"default\" body_font_select=\"default\" button_font_select=\"default\" button_font=\"||||\" button_use_icon=\"default\"]<\/p><p>\u041f\u0440\u0438\u0433\u043b\u0430\u0448\u0430\u0435\u043c \u043a \u0441\u043e\u0442\u0440\u0443\u0434\u043d\u0438\u0447\u0435\u0441\u0442\u0432\u0443 \u043d\u043e\u0432\u044b\u0445 \u043f\u0430\u0440\u0442\u043d\u0435\u0440\u043e\u0432 \u0438 \u0430\u043a\u0442\u0438\u0432\u043d\u044b\u0445 \u043f\u0440\u043e\u0444\u0435\u0441\u0441\u0438\u043e\u043d\u0430\u043b\u043e\u0432!<\/p><p>[\/et_pb_slide] [\/et_pb_fullwidth_slider][\/et_pb_section][et_pb_section bb_built=\"1\" admin_label=\"section\"][et_pb_row admin_label=\"row\"][et_pb_column type=\"1_4\"][\/et_pb_column][et_pb_column type=\"1_2\"][et_pb_text admin_label=\"Text\" background_layout=\"light\" text_orientation=\"left\" use_border_color=\"off\" border_color=\"#ffffff\" border_style=\"solid\"]<\/p><h2>\u041f\u0440\u0435\u0434\u043e\u0441\u0442\u0430\u0432\u043b\u044f\u0435\u043c \u0432\u043e\u0437\u043c\u043e\u0436\u043d\u043e\u0441\u0442\u044c \u0437\u0430\u0440\u0430\u0431\u043e\u0442\u0430\u0442\u044c \u0444\u0438\u043a\u0441\u0438\u0440\u043e\u0432\u0430\u043d\u043d\u044b\u0439 \u043f\u0440\u043e\u0446\u0435\u043d\u0442 \u0441 \u0441\u0443\u043c\u043c\u044b \u043f\u043e\u043b\u0443\u0447\u0435\u043d\u043d\u044b\u0445 \u0441\u0440\u0435\u0434\u0441\u0442\u0432 \u043e\u0442 \u0412\u0430\u043c\u0438 \u043f\u0440\u0438\u0432\u043b\u0435\u0447\u0435\u043d\u043d\u044b\u0445 \u043a\u043b\u0438\u0435\u043d\u0442\u043e\u0432 \u0437\u0430 \u0430\u0440\u0435\u043d\u0434\u0443 \u0441\u0435\u0439\u0444\u043e\u0432\u044b\u0445 \u044f\u0447\u0435\u0435\u043a.<\/h2><p>\u00a0<\/p><p><u>\u041a\u0430\u043a \u044d\u0442\u043e \u0440\u0430\u0431\u043e\u0442\u0430\u0435\u0442:<\/u><\/p><ol><li>\u0417\u0430\u043a\u043b\u044e\u0447\u0430\u0435\u0442\u0435 \u0434\u043e\u0433\u043e\u0432\u043e\u0440 \u0441 \u043d\u0430\u043c\u0438.<\/li><li>\u041f\u043e \u0442\u0435\u043b\u0435\u0444\u043e\u043d\u0443 \u0440\u0435\u0437\u0435\u0440\u0432\u0438\u0440\u0443\u0435\u0442\u0435 \u0443 \u043d\u0430\u0441 \u043d\u0435\u043e\u0431\u0445\u043e\u0434\u0438\u043c\u043e\u0435 \u043a\u043e\u043b\u0438\u0447\u0435\u0441\u0442\u0432\u043e \u0441\u0435\u0439\u0444\u043e\u0432\u044b\u0445 \u044f\u0447\u0435\u0435\u043a \u0436\u0435\u043b\u0430\u0435\u043c\u043e\u0433\u043e \u0440\u0430\u0437\u043c\u0435\u0440\u0430.<\/li><li>\u0421\u043e\u043e\u0431\u0449\u0430\u0435\u0442\u0435 \u0441\u0432\u043e\u0435\u043c\u0443 \u043a\u043b\u0438\u0435\u043d\u0442\u0443 \u043d\u043e\u043c\u0435\u0440 \u0437\u0430\u0440\u0435\u0437\u0435\u0440\u0432\u0438\u0440\u043e\u0432\u0430\u043d\u043d\u043e\u0439 \u0412\u0430\u043c\u0438 \u0441\u0435\u0439\u0444\u043e\u0432\u043e\u0439 \u044f\u0447\u0435\u0439\u043a\u0438 \u043d\u0435\u043e\u0431\u0445\u043e\u0434\u0438\u043c\u043e\u0433\u043e \u043a\u043b\u0438\u0435\u043d\u0442\u0443 \u0440\u0430\u0437\u043c\u0435\u0440\u0430.<\/li><li>\u041a\u043b\u0438\u0435\u043d\u0442, \u043f\u0440\u0438 \u043f\u043e\u0441\u0435\u0449\u0435\u043d\u0438\u0438 \u043d\u0430\u0448\u0435\u0439 \u043a\u043e\u043c\u043f\u0430\u043d\u0438\u0438, \u0441\u043e\u043e\u0431\u0449\u0430\u0435\u0442 \u043d\u043e\u043c\u0435\u0440 \u0437\u0430\u0440\u0435\u0437\u0435\u0440\u0432\u0438\u0440\u043e\u0432\u0430\u043d\u043d\u043e\u0439 \u044f\u0447\u0435\u0439\u043a\u0438 \u0438 \u043f\u0440\u043e\u0438\u0437\u0432\u043e\u0434\u0438\u0442 \u043e\u043f\u043b\u0430\u0442\u0443 \u0437\u0430 \u0435\u0435 \u0430\u0440\u0435\u043d\u0434\u0443.<\/li><li>\u0412 \u043a\u043e\u043d\u0446\u0435 \u043c\u0435\u0441\u044f\u0446\u0430 \u043c\u044b \u0432\u044b\u043f\u043b\u0430\u0447\u0438\u0432\u0430\u0435\u043c \u0412\u0430\u0448 \u0434\u043e\u0445\u043e\u0434 \u043f\u0435\u0440\u0435\u0447\u0438\u0441\u043b\u0435\u043d\u0438\u0435\u043c \u043d\u0430 \u0440\u0430\u0441\u0447\u0435\u0442\u043d\u044b\u0439 \u0441\u0447\u0435\u0442.<\/li><\/ol><p>[\/et_pb_text][\/et_pb_column][et_pb_column type=\"1_4\"][\/et_pb_column][\/et_pb_row][\/et_pb_section][et_pb_section bb_built=\"1\" admin_label=\"section\" inner_shadow=\"on\" custom_padding=\"0px|0px|0px|0px\" transparent_background=\"off\" background_color=\"#203f58\" allow_player_pause=\"off\" parallax=\"off\" parallax_method=\"on\" make_fullwidth=\"off\" use_custom_width=\"off\" width_unit=\"on\" make_equal=\"off\" use_custom_gutter=\"off\"][et_pb_row admin_label=\"row\" custom_padding=\"30px|0px|32px|0px\"][et_pb_column type=\"4_4\"][et_pb_cta admin_label=\"Call To Action\" title=\"Joproj\u0101m ir jaut\u0101jumi? \" button_text=\"Sazinities ar mums\" use_background_color=\"off\" header_text_color=\"#ffffff\" url_new_window=\"off\" background_color=\"#7EBEC5\" background_layout=\"dark\" text_orientation=\"center\" use_border_color=\"off\" border_color=\"#ffffff\" border_style=\"solid\" custom_button=\"off\" button_letter_spacing=\"0\" button_use_icon=\"default\" button_icon_placement=\"right\" button_on_hover=\"on\" button_letter_spacing_hover=\"0\" button_url=\"#action-sazinaties\" module_class=\"action-sazinaties\"] Rakstiet mums, ja neatrodiet vajadz\u012bgo atbildi. [\/et_pb_cta][\/et_pb_column][\/et_pb_row][\/et_pb_section]<\/p>","_et_gb_content_width":"","footnotes":""},"class_list":["post-1183","page","type-page","status-publish","hentry"],"aioseo_notices":[],"_links":{"self":[{"href":"https:\/\/rigasseifi.lv\/ee\/wp-json\/wp\/v2\/pages\/1183"}],"collection":[{"href":"https:\/\/rigasseifi.lv\/ee\/wp-json\/wp\/v2\/pages"}],"about":[{"href":"https:\/\/rigasseifi.lv\/ee\/wp-json\/wp\/v2\/types\/page"}],"author":[{"embeddable":true,"href":"https:\/\/rigasseifi.lv\/ee\/wp-json\/wp\/v2\/users\/1"}],"replies":[{"embeddable":true,"href":"https:\/\/rigasseifi.lv\/ee\/wp-json\/wp\/v2\/comments?post=1183"}],"version-history":[{"count":15,"href":"https:\/\/rigasseifi.lv\/ee\/wp-json\/wp\/v2\/pages\/1183\/revisions"}],"predecessor-version":[{"id":1669,"href":"https:\/\/rigasseifi.lv\/ee\/wp-json\/wp\/v2\/pages\/1183\/revisions\/1669"}],"wp:attachment":[{"href":"https:\/\/rigasseifi.lv\/ee\/wp-json\/wp\/v2\/media?parent=1183"}],"curies":[{"name":"wp","href":"https:\/\/api.w.org\/{rel}","templated":true}]}}